{"id":6930,"date":"2025-12-16T03:57:18","date_gmt":"2025-12-16T03:57:18","guid":{"rendered":"https:\/\/hyvongsong.com\/?post_type=product&#038;p=6930"},"modified":"2026-01-20T11:09:52","modified_gmt":"2026-01-20T04:09:52","slug":"ghim-cai-ao-cho-moi-lua-tuoi","status":"publish","type":"product","link":"https:\/\/hyvongsong.com\/en\/product\/ghim-cai-ao-cho-moi-lua-tuoi\/","title":{"rendered":"Pin Hope"},"content":{"rendered":"<h2>A refined accessory for every style<\/h2>\n<p>Lapel pins for all ages are more than just an ordinary accessory. They are a simple yet stylish way to express your personal taste. Easy to pair with a wide range of outfits, from office wear and casual looks to special occasions, these pins add a touch of elegance without compromising comfort. With diverse designs and refined details, they make a thoughtful gift not only for yourself but also for someone special<\/p>\n<h2>Durable materials with a modern design<\/h2>\n<p>Crafted from premium materials, this product is designed for long lasting durability without the risk of rusting or fading. Each lapel pin is a small work of art, with carefully selected colors and designs that align with current fashion trends. In addition, its well balanced size and secure fastening mechanism ensure that the pin stays firmly in place during everyday wear.<\/p>\n<h2>The perfect accessory for every occasion<\/h2>\n<p>D\u00f9 b\u1ea1n \u0111ang chu\u1ea9n b\u1ecb cho m\u1ed9t bu\u1ed5i ti\u1ec7c quan tr\u1ecdng, m\u1ed9t ng\u00e0y l\u00e0m vi\u1ec7c t\u1ea1i c\u00f4ng s\u1edf, hay \u0111\u01a1n gi\u1ea3n l\u00e0 m\u1ed9t bu\u1ed5i \u0111i ch\u01a1i nh\u1eb9 nh\u00e0ng, ghim c\u00e0i \u00e1o cho m\u1ecdi l\u1ee9a tu\u1ed5i s\u1ebd l\u00e0 s\u1ef1 l\u1ef1a ch\u1ecdn l\u00fd t\u01b0\u1edfng. V\u1edbi gi\u00e1 th\u00e0nh h\u1ee3p l\u00fd, \u0111\u00e2y l\u00e0 m\u00f3n ph\u1ee5 ki\u1ec7n m\u00e0 b\u1ea5t k\u1ef3 ai c\u0169ng c\u00f3 th\u1ec3 s\u1edf h\u1eefu \u0111\u1ec3 l\u00e0m n\u1ed5i b\u1eadt phong c\u00e1ch c\u00e1 nh\u00e2n m\u00e0 kh\u00f4ng c\u1ea7n ph\u1ea3i \u0111\u1ea7u t\u01b0 qu\u00e1 nhi\u1ec1u.<\/p>\n<p>Are you looking for a simple yet effective way to refresh your wardrobe? Our lapel pins, suitable for all ages, are the perfect solution. Choose yours today to elevate your style!<\/p>","protected":false},"excerpt":{"rendered":"<p>Are you looking for a simple yet effective way to refresh your wardrobe? Our lapel pins, suitable for all ages, are the perfect solution. Choose yours today to elevate your style!<\/p>","protected":false},"featured_media":6340,"comment_status":"open","ping_status":"closed","template":"","meta":{"_acf_changed":false},"product_brand":[],"product_cat":[87],"product_tag":[],"class_list":{"0":"post-6930","1":"product","2":"type-product","3":"status-publish","4":"has-post-thumbnail","6":"product_cat-do-dung-vat-dung","8":"first","9":"instock","10":"shipping-taxable","11":"purchasable","12":"product-type-simple"},"acf":[],"_links":{"self":[{"href":"https:\/\/hyvongsong.com\/en\/wp-json\/wp\/v2\/product\/6930","targetHints":{"allow":["GET"]}}],"collection":[{"href":"https:\/\/hyvongsong.com\/en\/wp-json\/wp\/v2\/product"}],"about":[{"href":"https:\/\/hyvongsong.com\/en\/wp-json\/wp\/v2\/types\/product"}],"replies":[{"embeddable":true,"href":"https:\/\/hyvongsong.com\/en\/wp-json\/wp\/v2\/comments?post=6930"}],"wp:featuredmedia":[{"embeddable":true,"href":"https:\/\/hyvongsong.com\/en\/wp-json\/wp\/v2\/media\/6340"}],"wp:attachment":[{"href":"https:\/\/hyvongsong.com\/en\/wp-json\/wp\/v2\/media?parent=6930"}],"wp:term":[{"taxonomy":"product_brand","embeddable":true,"href":"https:\/\/hyvongsong.com\/en\/wp-json\/wp\/v2\/product_brand?post=6930"},{"taxonomy":"product_cat","embeddable":true,"href":"https:\/\/hyvongsong.com\/en\/wp-json\/wp\/v2\/product_cat?post=6930"},{"taxonomy":"product_tag","embeddable":true,"href":"https:\/\/hyvongsong.com\/en\/wp-json\/wp\/v2\/product_tag?post=6930"}],"curies":[{"name":"wp","href":"https:\/\/api.w.org\/{rel}","templated":true}]}}