{"id":12166,"date":"2026-01-22T13:39:49","date_gmt":"2026-01-22T06:39:49","guid":{"rendered":"https:\/\/hyvongsong.com\/?post_type=product&#038;p=12166"},"modified":"2026-01-22T16:43:38","modified_gmt":"2026-01-22T09:43:38","slug":"suicidal-behaviour-assessment-of-people-at-risk-2010","status":"publish","type":"product","link":"https:\/\/hyvongsong.com\/en\/product\/suicidal-behaviour-assessment-of-people-at-risk-2010\/","title":{"rendered":"Suicidal Behaviour Assessment"},"content":{"rendered":"<p data-start=\"112\" data-end=\"557\"><em data-start=\"112\" data-end=\"162\">Suicidal Behaviour: Assessment of People-At-Risk<\/em> is a comprehensive and practice oriented academic resource for those interested in assessing suicidal behavior and identifying risk among vulnerable populations. Edited by two respected experts in psychology and public health Updesh Kumar and Manas K. Mandal the book brings together international research theoretical models and diagnostic tools from leading scholars.<\/p>\n<h3 data-start=\"559\" data-end=\"604\">The book provides a comprehensive overview of:<\/h3>\n<ul data-start=\"605\" data-end=\"1140\">\n<li data-start=\"605\" data-end=\"730\">\n<p data-start=\"607\" data-end=\"730\">Theoretical and conceptual foundations of suicidal behavior including biological psychological and social factors influencing suicide risk.<\/p>\n<\/li>\n<li data-start=\"731\" data-end=\"841\">\n<p data-start=\"733\" data-end=\"841\">Risk assessment methods including clinical tools scales and quantitative strategies used in practice.<\/p>\n<\/li>\n<li data-start=\"842\" data-end=\"999\">\n<p data-start=\"844\" data-end=\"999\">High risk populations such as adolescents individuals with severe mental illness people with substance use disorders veterans and socially isolated individuals.<\/p>\n<\/li>\n<li data-start=\"1000\" data-end=\"1140\">\n<p data-start=\"1002\" data-end=\"1140\">Clinical and preventive applications that help psychologists physicians healthcare professionals and researchers develop appropriate intervention plans.<\/p>\n<\/li>\n<\/ul>\n<h3 data-start=\"1142\" data-end=\"1159\">Features:<\/h3>\n<ul data-start=\"1160\" data-end=\"1352\">\n<li data-start=\"1160\" data-end=\"1200\">\n<p data-start=\"1162\" data-end=\"1200\">A logical well structured and easy to navigate format.<\/p>\n<\/li>\n<li data-start=\"1201\" data-end=\"1253\">\n<p data-start=\"1203\" data-end=\"1253\">Integration of in depth theory with practical examples.<\/p>\n<\/li>\n<li data-start=\"1254\" data-end=\"1352\">\n<p data-start=\"1256\" data-end=\"1352\">Authored by leading experts in the field incorporating the most up to date research available at the time of publication.<\/p>\n<\/li>\n<\/ul>\n<h3 data-start=\"1460\" data-end=\"1491\">Appropriate audience :<\/h3>\n<ul data-start=\"1433\" data-end=\"1669\">\n<li data-start=\"1433\" data-end=\"1485\">\n<p data-start=\"1435\" data-end=\"1485\">Mental health professionals and psychological counselors.<\/p>\n<\/li>\n<li data-start=\"1486\" data-end=\"1530\">\n<p data-start=\"1488\" data-end=\"1530\">Clinical physicians and public health professionals.<\/p>\n<\/li>\n<li data-start=\"1531\" data-end=\"1593\">\n<p data-start=\"1533\" data-end=\"1593\">Lecturers and students in psychology and health sciences.<\/p>\n<\/li>\n<li data-start=\"1594\" data-end=\"1669\">\n<p data-start=\"1596\" data-end=\"1669\">Professionals involved in suicide prevention and intervention program development.<\/p>\n<\/li>\n<\/ul>\n<h3 data-start=\"1671\" data-end=\"1693\">Publication information<\/h3>\n<ul data-start=\"1694\" data-end=\"1890\">\n<li data-start=\"1694\" data-end=\"1750\">\n<p data-start=\"1696\" data-end=\"1750\">Author : Updesh Kumar &amp; Manas K. Mandal<\/p>\n<\/li>\n<li data-start=\"1751\" data-end=\"1775\">\n<p data-start=\"1753\" data-end=\"1775\">Year of publication: 2010<\/p>\n<\/li>\n<li data-start=\"1776\" data-end=\"1801\">\n<p data-start=\"1778\" data-end=\"1801\">Language: English<\/p>\n<\/li>\n<li data-start=\"1802\" data-end=\"1839\">\n<p data-start=\"1804\" data-end=\"1839\">Publisher: SAGE Publications<\/p>\n<\/li>\n<li data-start=\"1802\" data-end=\"1839\">\n<p data-start=\"1804\" data-end=\"1839\">Category: Academic book \/ advanced clinical reference<\/p>\n<\/li>\n<\/ul>","protected":false},"excerpt":{"rendered":"<p>Suicidal Behaviour: Assessment of People-At-Risk l\u00e0 m\u1ed9t t\u00e0i li\u1ec7u h\u1ecdc thu\u1eadt chuy\u00ean s\u00e2u v\u00e0 th\u1ef1c ti\u1ec5n, d\u00e0nh cho nh\u1eefng ai quan t\u00e2m \u0111\u1ebfn \u0111\u00e1nh gi\u00e1&hellip;<\/p>","protected":false},"featured_media":12167,"comment_status":"open","ping_status":"closed","template":"","meta":{"_acf_changed":false},"product_brand":[],"product_cat":[88,90],"product_tag":[],"class_list":{"0":"post-12166","1":"product","2":"type-product","3":"status-publish","4":"has-post-thumbnail","6":"product_cat-sach","7":"product_cat-tieng-anh","9":"first","10":"instock","11":"downloadable","12":"virtual","13":"purchasable","14":"product-type-simple"},"acf":[],"_links":{"self":[{"href":"https:\/\/hyvongsong.com\/en\/wp-json\/wp\/v2\/product\/12166","targetHints":{"allow":["GET"]}}],"collection":[{"href":"https:\/\/hyvongsong.com\/en\/wp-json\/wp\/v2\/product"}],"about":[{"href":"https:\/\/hyvongsong.com\/en\/wp-json\/wp\/v2\/types\/product"}],"replies":[{"embeddable":true,"href":"https:\/\/hyvongsong.com\/en\/wp-json\/wp\/v2\/comments?post=12166"}],"wp:featuredmedia":[{"embeddable":true,"href":"https:\/\/hyvongsong.com\/en\/wp-json\/wp\/v2\/media\/12167"}],"wp:attachment":[{"href":"https:\/\/hyvongsong.com\/en\/wp-json\/wp\/v2\/media?parent=12166"}],"wp:term":[{"taxonomy":"product_brand","embeddable":true,"href":"https:\/\/hyvongsong.com\/en\/wp-json\/wp\/v2\/product_brand?post=12166"},{"taxonomy":"product_cat","embeddable":true,"href":"https:\/\/hyvongsong.com\/en\/wp-json\/wp\/v2\/product_cat?post=12166"},{"taxonomy":"product_tag","embeddable":true,"href":"https:\/\/hyvongsong.com\/en\/wp-json\/wp\/v2\/product_tag?post=12166"}],"curies":[{"name":"wp","href":"https:\/\/api.w.org\/{rel}","templated":true}]}}