{"id":4449,"date":"2025-05-19T10:39:01","date_gmt":"2025-05-19T10:39:01","guid":{"rendered":"https:\/\/hyvongsong.com\/?page_id=4449"},"modified":"2025-12-04T10:00:54","modified_gmt":"2025-12-04T10:00:54","slug":"become-a-sponsor","status":"publish","type":"page","link":"https:\/\/hyvongsong.com\/en\/become-a-sponsor\/","title":{"rendered":"Become a sponsor"},"content":{"rendered":"<div data-elementor-type=\"wp-page\" data-elementor-id=\"4449\" class=\"elementor elementor-4449\" data-elementor-post-type=\"page\">\n\t\t\t\t<div class=\"elementor-element elementor-element-1482f10 e-con-full e-flex e-con e-parent\" data-id=\"1482f10\" data-element_type=\"container\" data-settings=\"{&quot;background_background&quot;:&quot;classic&quot;}\">\n\t\t<div class=\"elementor-element elementor-element-bb9f838 e-con-full e-flex e-con e-child\" data-id=\"bb9f838\" data-element_type=\"container\" data-settings=\"{&quot;background_background&quot;:&quot;classic&quot;}\">\n\t\t\t\t<div class=\"elementor-element elementor-element-0a93039 elementor-widget elementor-widget-heading\" data-id=\"0a93039\" data-element_type=\"widget\" data-widget_type=\"heading.default\">\n\t\t\t\t<div class=\"elementor-widget-container\">\n\t\t\t\t\t<h2 class=\"elementor-heading-title elementor-size-default\">Become a sponsor<\/h2>\t\t\t\t<\/div>\n\t\t\t\t<\/div>\n\t\t\t\t<\/div>\n\t\t\t\t<\/div>\n\t\t<div class=\"elementor-element elementor-element-cea5134 e-flex e-con-boxed e-con e-parent\" data-id=\"cea5134\" data-element_type=\"container\" data-settings=\"{&quot;background_background&quot;:&quot;classic&quot;}\">\n\t\t\t\t\t<div class=\"e-con-inner\">\n\t\t<div class=\"elementor-element elementor-element-1b33efd e-con-full e-flex e-con e-child\" data-id=\"1b33efd\" data-element_type=\"container\">\n\t\t\t\t<\/div>\n\t\t<div class=\"elementor-element elementor-element-15c0065 e-con-full e-flex e-con e-child\" data-id=\"15c0065\" data-element_type=\"container\">\n\t\t<div class=\"elementor-element elementor-element-f834028 e-con-full e-flex e-con e-child\" data-id=\"f834028\" data-element_type=\"container\" data-settings=\"{&quot;background_background&quot;:&quot;classic&quot;}\">\n\t\t\t\t<div class=\"elementor-element elementor-element-d900926 elementor-widget elementor-widget-heading\" data-id=\"d900926\" data-element_type=\"widget\" data-widget_type=\"heading.default\">\n\t\t\t\t<div class=\"elementor-widget-container\">\n\t\t\t\t\t<h2 class=\"elementor-heading-title elementor-size-default\">Become a sponsor<\/h2>\t\t\t\t<\/div>\n\t\t\t\t<\/div>\n\t\t\t\t<\/div>\n\t\t\t\t<\/div>\n\t\t<div class=\"elementor-element elementor-element-b15fcab e-con-full e-flex e-con e-child\" data-id=\"b15fcab\" data-element_type=\"container\">\n\t\t\t\t<\/div>\n\t\t\t\t\t<\/div>\n\t\t\t\t<\/div>\n\t\t<div class=\"elementor-element elementor-element-6e4bcd80 e-con-full e-flex e-con e-parent\" data-id=\"6e4bcd80\" data-element_type=\"container\" data-settings=\"{&quot;background_background&quot;:&quot;classic&quot;}\">\n\t\t\t\t<div class=\"elementor-element elementor-element-4d58958b elementor-widget elementor-widget-heading\" data-id=\"4d58958b\" data-element_type=\"widget\" data-widget_type=\"heading.default\">\n\t\t\t\t<div class=\"elementor-widget-container\">\n\t\t\t\t\t<h2 class=\"elementor-heading-title elementor-size-default\">Become Our Next Valued Sponsor<\/h2>\t\t\t\t<\/div>\n\t\t\t\t<\/div>\n\t\t\t\t<\/div>\n\t\t<div class=\"elementor-element elementor-element-9f6711f e-flex e-con-boxed e-con e-parent\" data-id=\"9f6711f\" data-element_type=\"container\" data-settings=\"{&quot;background_background&quot;:&quot;classic&quot;}\">\n\t\t\t\t\t<div class=\"e-con-inner\">\n\t\t<div class=\"elementor-element elementor-element-84f8661 e-con-full e-flex e-con e-child\" data-id=\"84f8661\" data-element_type=\"container\">\n\t\t<div class=\"elementor-element elementor-element-c489e64 e-con-full e-flex e-con e-child\" data-id=\"c489e64\" data-element_type=\"container\">\n\t\t\t\t<div class=\"elementor-element elementor-element-2fd5fc5 elementor-widget elementor-widget-text-editor\" data-id=\"2fd5fc5\" data-element_type=\"widget\" data-widget_type=\"text-editor.default\">\n\t\t\t\t<div class=\"elementor-widget-container\">\n\t\t\t\t\t\t\t\t\t<p data-start=\"82\" data-end=\"374\">Every day, many people in Vietnam face mental health challenges that can lead to serious consequences.<br data-start=\"213\" data-end=\"216\" \/>Our nonprofit organization specializes in suicide prevention and is committed to providing <strong data-start=\"299\" data-end=\"338\">free and long-term support<\/strong> to those in need.However, sustaining and expanding these essential services requires <strong data-start=\"460\" data-end=\"516\">the generosity and partnership of sponsors like you.<\/strong>.<\/p>\t\t\t\t\t\t\t\t<\/div>\n\t\t\t\t<\/div>\n\t\t<div class=\"elementor-element elementor-element-ad2a43a e-con-full e-flex e-con e-child\" data-id=\"ad2a43a\" data-element_type=\"container\">\n\t\t<div class=\"elementor-element elementor-element-098e555 e-con-full e-flex e-con e-child\" data-id=\"098e555\" data-element_type=\"container\">\n\t\t\t\t<div class=\"elementor-element elementor-element-c39a264 elementor-widget elementor-widget-heading\" data-id=\"c39a264\" data-element_type=\"widget\" data-widget_type=\"heading.default\">\n\t\t\t\t<div class=\"elementor-widget-container\">\n\t\t\t\t\t<h2 class=\"elementor-heading-title elementor-size-default\">Why Your Support Matters<\/h2>\t\t\t\t<\/div>\n\t\t\t\t<\/div>\n\t\t\t\t<div class=\"elementor-element elementor-element-b3c222f elementor-widget elementor-widget-text-editor\" data-id=\"b3c222f\" data-element_type=\"widget\" data-widget_type=\"text-editor.default\">\n\t\t\t\t<div class=\"elementor-widget-container\">\n\t\t\t\t\t\t\t\t\t<p>Running a nationwide suicide prevention program demands significant resources:<\/p><ul><li data-start=\"224\" data-end=\"355\"><strong data-start=\"224\" data-end=\"262\">Maintaining the crisis hotline:<\/strong> Ensuring that anyone in crisis can access timely support without interruption.<\/li><li data-start=\"358\" data-end=\"507\"><strong data-start=\"358\" data-end=\"386\">Training our team:<\/strong> Providing up-to-date training so our staff can offer effective and compassionate assistance.<\/li><li data-start=\"510\" data-end=\"629\"><strong data-start=\"510\" data-end=\"539\">Covering operational costs:<\/strong> Including website maintenance, office rental, administrative expenses, and related taxes.<\/li><li data-start=\"632\" data-end=\"776\"><strong data-start=\"632\" data-end=\"673\">Developing educational programs:<\/strong> Organizing campaigns to raise awareness, reduce stigma, and promote mental health in the community.<\/li><\/ul>\t\t\t\t\t\t\t\t<\/div>\n\t\t\t\t<\/div>\n\t\t\t\t<div class=\"elementor-element elementor-element-90c2697 elementor-widget elementor-widget-heading\" data-id=\"90c2697\" data-element_type=\"widget\" data-widget_type=\"heading.default\">\n\t\t\t\t<div class=\"elementor-widget-container\">\n\t\t\t\t\t<h2 class=\"elementor-heading-title elementor-size-default\">Our Short-Term Goals<\/h2>\t\t\t\t<\/div>\n\t\t\t\t<\/div>\n\t\t\t\t<div class=\"elementor-element elementor-element-5a3c53f elementor-widget elementor-widget-text-editor\" data-id=\"5a3c53f\" data-element_type=\"widget\" data-widget_type=\"text-editor.default\">\n\t\t\t\t<div class=\"elementor-widget-container\">\n\t\t\t\t\t\t\t\t\t<p>To improve service quality and reach more people in need, we have set the following short-term objectives:<\/p><ul><li data-start=\"232\" data-end=\"438\"><strong data-start=\"232\" data-end=\"268\">Expand hotline capacity:<\/strong> Currently, we operate a single hotline. With your support, we aim to add more lines to ensure <strong data-start=\"402\" data-end=\"437\">no call goes unanswered<\/strong>.<\/li><li data-start=\"442\" data-end=\"614\"><strong data-start=\"442\" data-end=\"469\">Ensure 24\/7 operation:<\/strong> By recruiting and training additional staff, we will provide continuous <strong data-start=\"538\" data-end=\"571\">support around the clock for those experiencing crises<\/strong> .<\/li><li data-start=\"618\" data-end=\"751\"><strong data-start=\"618\" data-end=\"645\">Upgrade infrastructure:<\/strong> Invest in modern technology and equipment to enhance <strong data-start=\"710\" data-end=\"738\">service quality and reliability<\/strong> .<\/li><\/ul><p>We urgently need your partnership!<\/p>\t\t\t\t\t\t\t\t<\/div>\n\t\t\t\t<\/div>\n\t\t\t\t<\/div>\n\t\t<div class=\"elementor-element elementor-element-ffbee7f e-con-full e-flex e-con e-child\" data-id=\"ffbee7f\" data-element_type=\"container\">\n\t\t\t\t<div class=\"elementor-element elementor-element-120f78c elementor-widget elementor-widget-image\" data-id=\"120f78c\" data-element_type=\"widget\" data-widget_type=\"image.default\">\n\t\t\t\t<div class=\"elementor-widget-container\">\n\t\t\t\t\t\t\t\t\t\t\t\t\t\t\t<img fetchpriority=\"high\" decoding=\"async\" width=\"683\" height=\"1024\" src=\"https:\/\/hyvongsong.com\/wp-content\/uploads\/2025\/05\/woman-suffering-from-imposter-syndrome-683x1024.jpg\" class=\"attachment-large size-large wp-image-4725\" alt=\"\" srcset=\"https:\/\/hyvongsong.com\/wp-content\/uploads\/2025\/05\/woman-suffering-from-imposter-syndrome-683x1024.jpg 683w, https:\/\/hyvongsong.com\/wp-content\/uploads\/2025\/05\/woman-suffering-from-imposter-syndrome-200x300.jpg 200w, https:\/\/hyvongsong.com\/wp-content\/uploads\/2025\/05\/woman-suffering-from-imposter-syndrome-768x1152.jpg 768w, https:\/\/hyvongsong.com\/wp-content\/uploads\/2025\/05\/woman-suffering-from-imposter-syndrome-1024x1536.jpg 1024w, https:\/\/hyvongsong.com\/wp-content\/uploads\/2025\/05\/woman-suffering-from-imposter-syndrome-1365x2048.jpg 1365w, https:\/\/hyvongsong.com\/wp-content\/uploads\/2025\/05\/woman-suffering-from-imposter-syndrome-490x735.jpg 490w, https:\/\/hyvongsong.com\/wp-content\/uploads\/2025\/05\/woman-suffering-from-imposter-syndrome-scaled.jpg 1707w\" sizes=\"(max-width: 683px) 100vw, 683px\" \/>\t\t\t\t\t\t\t\t\t\t\t\t\t\t\t<\/div>\n\t\t\t\t<\/div>\n\t\t\t\t<\/div>\n\t\t\t\t<\/div>\n\t\t\t\t<div class=\"elementor-element elementor-element-13f350d elementor-widget elementor-widget-heading\" data-id=\"13f350d\" data-element_type=\"widget\" data-widget_type=\"heading.default\">\n\t\t\t\t<div class=\"elementor-widget-container\">\n\t\t\t\t\t<h2 class=\"elementor-heading-title elementor-size-default\">Our Esteemed Sponsor<\/h2>\t\t\t\t<\/div>\n\t\t\t\t<\/div>\n\t\t\t\t<div class=\"elementor-element elementor-element-c36cf04 elementor-widget elementor-widget-text-editor\" data-id=\"c36cf04\" data-element_type=\"widget\" data-widget_type=\"text-editor.default\">\n\t\t\t\t<div class=\"elementor-widget-container\">\n\t\t\t\t\t\t\t\t\t<ol><li><h3 data-start=\"97\" data-end=\"127\"><strong data-start=\"101\" data-end=\"125\">Psychologist Vietnam<\/strong><\/h3><p data-start=\"128\" data-end=\"210\"><strong data-start=\"128\" data-end=\"210\">Providing comprehensive mental health care for both expatriates and local communities across Vietnam.<\/strong><\/p><p data-start=\"212\" data-end=\"581\">With a dedicated team of professionals, Psychologist Vietnam offers counseling and therapy services, making a vital contribution to improving mental well-being in the community<br data-start=\"364\" data-end=\"367\" \/>With a dedicated team of experts, they provide counseling and psychotherapy services, making a significant contribution to improving the community\u2019s mental well-being.<br \/>Visit : <span style=\"color: #333399;\"><strong><a style=\"color: #333399;\" href=\"https:\/\/psychologistvietnam.com\/en\/?utm_source=chatgpt.com\" target=\"_blank\" rel=\"noopener\">Psychologistvietnam.com<\/a><\/strong><\/span><\/p><\/li><li><h3 data-start=\"588\" data-end=\"635\"><strong data-start=\"592\" data-end=\"633\">A Place for Your Business!<\/strong><\/h3><p data-start=\"636\" data-end=\"715\"><strong data-start=\"636\" data-end=\"715\">Join us in spreading positive impact throughout the community.<\/strong><\/p><\/li><\/ol>\t\t\t\t\t\t\t\t<\/div>\n\t\t\t\t<\/div>\n\t\t\t\t<\/div>\n\t\t\t\t<\/div>\n\t\t\t\t\t<\/div>\n\t\t\t\t<\/div>\n\t\t<div class=\"elementor-element elementor-element-424f69c e-flex e-con-boxed e-con e-parent\" data-id=\"424f69c\" data-element_type=\"container\">\n\t\t\t\t\t<div class=\"e-con-inner\">\n\t\t<div class=\"elementor-element elementor-element-6a7630d e-con-full e-flex e-con e-child\" data-id=\"6a7630d\" data-element_type=\"container\">\n\t\t\t\t<div class=\"elementor-element elementor-element-c7a77d6 elementor-widget elementor-widget-heading\" data-id=\"c7a77d6\" data-element_type=\"widget\" data-widget_type=\"heading.default\">\n\t\t\t\t<div class=\"elementor-widget-container\">\n\t\t\t\t\t<h2 class=\"elementor-heading-title elementor-size-default\">Anonymous Donations<\/h2>\t\t\t\t<\/div>\n\t\t\t\t<\/div>\n\t\t\t\t<div class=\"elementor-element elementor-element-abe911c elementor-widget elementor-widget-text-editor\" data-id=\"abe911c\" data-element_type=\"widget\" data-widget_type=\"text-editor.default\">\n\t\t\t\t<div class=\"elementor-widget-container\">\n\t\t\t\t\t\t\t\t\t<p data-start=\"183\" data-end=\"432\">Your contribution empowers those in need without requiring recognition. Every donation, big or small, <strong data-start=\"306\" data-end=\"364\">helps sustain our life-saving mission\u2014supporting mental health and saving lives<\/strong> . By donating anonymously, you become <strong data-start=\"475\" data-end=\"499\">a silent hero<\/strong> - bringing hope, compassion, and care to those in their darkest moments. <strong data-start=\"592\" data-end=\"673\">Let\u2019s create lasting change together\u2014quietly, but with immense impact.<\/strong><\/p>\t\t\t\t\t\t\t\t<\/div>\n\t\t\t\t<\/div>\n\t\t\t\t<div class=\"elementor-element elementor-element-fa68459 elementor-widget elementor-widget-button\" data-id=\"fa68459\" data-element_type=\"widget\" data-widget_type=\"button.default\">\n\t\t\t\t<div class=\"elementor-widget-container\">\n\t\t\t\t\t\t\t\t\t<div class=\"elementor-button-wrapper\">\n\t\t\t\t\t<a class=\"elementor-button elementor-button-link elementor-size-sm\" href=\"#elementor-action%3Aaction%3Dpopup%3Aopen%26settings%3DeyJpZCI6IjQyNzQiLCJ0b2dnbGUiOmZhbHNlfQ%3D%3D\">\n\t\t\t\t\t\t<span class=\"elementor-button-content-wrapper\">\n\t\t\t\t\t\t\t\t\t<span class=\"elementor-button-text\">Donate online<\/span>\n\t\t\t\t\t<\/span>\n\t\t\t\t\t<\/a>\n\t\t\t\t<\/div>\n\t\t\t\t\t\t\t\t<\/div>\n\t\t\t\t<\/div>\n\t\t\t\t<\/div>\n\t\t<div class=\"elementor-element elementor-element-afb8a70 e-con-full e-flex e-con e-child\" data-id=\"afb8a70\" data-element_type=\"container\">\n\t\t\t\t<div class=\"elementor-element elementor-element-085ab40 elementor-widget elementor-widget-heading\" data-id=\"085ab40\" data-element_type=\"widget\" data-widget_type=\"heading.default\">\n\t\t\t\t<div class=\"elementor-widget-container\">\n\t\t\t\t\t<h2 class=\"elementor-heading-title elementor-size-default\">Send us message<\/h2>\t\t\t\t<\/div>\n\t\t\t\t<\/div>\n\t\t\t\t<div class=\"elementor-element elementor-element-1c7c03e elementor-widget__width-initial elementor-widget elementor-widget-shortcode\" data-id=\"1c7c03e\" data-element_type=\"widget\" data-widget_type=\"shortcode.default\">\n\t\t\t\t<div class=\"elementor-widget-container\">\n\t\t\t\t\t\t\t<div class=\"elementor-shortcode\">\n<div class=\"wpcf7 no-js\" id=\"wpcf7-f4657-o1\" lang=\"en-US\" dir=\"ltr\" data-wpcf7-id=\"4657\">\n<div class=\"screen-reader-response\"><p role=\"status\" aria-live=\"polite\" aria-atomic=\"true\"><\/p> <ul><\/ul><\/div>\n<form action=\"\/en\/wp-json\/wp\/v2\/pages\/4449#wpcf7-f4657-o1\" method=\"post\" class=\"wpcf7-form init\" aria-label=\"Contact form\" novalidate=\"novalidate\" data-status=\"init\" data-trp-original-action=\"\/en\/wp-json\/wp\/v2\/pages\/4449#wpcf7-f4657-o1\">\n<div style=\"display: none;\">\n<input type=\"hidden\" name=\"_wpcf7\" value=\"4657\" \/>\n<input type=\"hidden\" name=\"_wpcf7_version\" value=\"6.0.6\" \/>\n<input type=\"hidden\" name=\"_wpcf7_locale\" value=\"en_US\" \/>\n<input type=\"hidden\" name=\"_wpcf7_unit_tag\" value=\"wpcf7-f4657-o1\" \/>\n<input type=\"hidden\" name=\"_wpcf7_container_post\" value=\"0\" \/>\n<input type=\"hidden\" name=\"_wpcf7_posted_data_hash\" value=\"\" \/>\n<input type=\"hidden\" name=\"_wpcf7_recaptcha_response\" value=\"\" \/>\n<\/div>\n<div class=\"form-container\">\n\t<div class=\"form-row\">\n\t\t<div class=\"form-column\" style=\"width:100%;\">\n\t\t\t<p><span class=\"wpcf7-form-control-wrap\" data-name=\"your-name\"><input size=\"40\" maxlength=\"400\" class=\"wpcf7-form-control wpcf7-text wpcf7-validates-as-required\" autocomplete=\"name\" aria-required=\"true\" aria-invalid=\"false\" placeholder=\"Name*\" value=\"\" type=\"text\" name=\"your-name\" \/><\/span>\n\t\t\t<\/p>\n\t\t<\/div>\n\t<\/div>\n\t<div class=\"form-row\">\n\t\t<div class=\"form-column\" style=\"width:100%;\">\n\t\t\t<p><span class=\"wpcf7-form-control-wrap\" data-name=\"your-company\"><input size=\"40\" maxlength=\"400\" class=\"wpcf7-form-control wpcf7-text\" aria-invalid=\"false\" placeholder=\"Company\" value=\"\" type=\"text\" name=\"your-company\" \/><\/span>\n\t\t\t<\/p>\n\t\t<\/div>\n\t<\/div>\n\t<div class=\"form-row\">\n\t\t<div class=\"form-column\" style=\"width:100%;\">\n\t\t\t<p><span class=\"wpcf7-form-control-wrap\" data-name=\"your-email\"><input size=\"40\" maxlength=\"400\" class=\"wpcf7-form-control wpcf7-email wpcf7-validates-as-required wpcf7-text wpcf7-validates-as-email\" autocomplete=\"email\" aria-required=\"true\" aria-invalid=\"false\" placeholder=\"Email*\" value=\"\" type=\"email\" name=\"your-email\" \/><\/span>\n\t\t\t<\/p>\n\t\t<\/div>\n\t<\/div>\n\t<div class=\"form-row\">\n\t\t<div class=\"form-column\" style=\"width:100%;\">\n\t\t\t<p><span class=\"wpcf7-form-control-wrap\" data-name=\"your-phone\"><input size=\"40\" maxlength=\"400\" class=\"wpcf7-form-control wpcf7-tel wpcf7-text wpcf7-validates-as-tel\" aria-invalid=\"false\" placeholder=\"Phone Number\" value=\"\" type=\"tel\" name=\"your-phone\" \/><\/span>\n\t\t\t<\/p>\n\t\t<\/div>\n\t<\/div>\n\t<div class=\"form-row\">\n\t\t<div class=\"form-column\" style=\"width:100%;\">\n\t\t\t<p><span class=\"wpcf7-form-control-wrap\" data-name=\"your-message\"><textarea cols=\"40\" rows=\"10\" maxlength=\"2000\" class=\"wpcf7-form-control wpcf7-textarea wpcf7-validates-as-required\" aria-required=\"true\" aria-invalid=\"false\" placeholder=\"Write Message*\" name=\"your-message\"><\/textarea><\/span>\n\t\t\t<\/p>\n\t\t<\/div>\n\t<\/div>\n\t<div class=\"form-row submit-btn\">\n\t\t<p><input class=\"wpcf7-form-control wpcf7-submit has-spinner\" type=\"submit\" value=\"Submit\" \/>\n\t\t<\/p>\n\t<\/div>\n<\/div><div class=\"wpcf7-response-output\" aria-hidden=\"true\"><\/div>\n<input type=\"hidden\" name=\"trp-form-language\" value=\"en\"\/><\/form>\n<\/div>\n<\/div>\n\t\t\t\t\t\t<\/div>\n\t\t\t\t<\/div>\n\t\t\t\t<\/div>\n\t\t\t\t\t<\/div>\n\t\t\t\t<\/div>\n\t\t<div class=\"elementor-element elementor-element-78374bf e-flex e-con-boxed e-con e-parent\" data-id=\"78374bf\" data-element_type=\"container\">\n\t\t\t\t\t<div class=\"e-con-inner\">\n\t\t\t\t\t<\/div>\n\t\t\t\t<\/div>\n\t\t<div class=\"elementor-element elementor-element-36a0293 elementor-hidden-widescreen elementor-hidden-desktop elementor-hidden-tablet e-flex e-con-boxed e-con e-parent\" data-id=\"36a0293\" data-element_type=\"container\" data-settings=\"{&quot;background_background&quot;:&quot;classic&quot;}\">\n\t\t\t\t\t<div class=\"e-con-inner\">\n\t\t<div class=\"elementor-element elementor-element-c8c307b e-grid e-con-full e-con e-child\" data-id=\"c8c307b\" data-element_type=\"container\">\n\t\t\t\t<div class=\"elementor-element elementor-element-8ae674e elementor-mobile-align-justify elementor-widget-mobile__width-inherit elementor-widget elementor-widget-button\" data-id=\"8ae674e\" data-element_type=\"widget\" data-widget_type=\"button.default\">\n\t\t\t\t<div class=\"elementor-widget-container\">\n\t\t\t\t\t\t\t\t\t<div class=\"elementor-button-wrapper\">\n\t\t\t\t\t<a class=\"elementor-button elementor-button-link elementor-size-sm\" href=\"https:\/\/hyvongsong.com\/en\/connect\/\">\n\t\t\t\t\t\t<span class=\"elementor-button-content-wrapper\">\n\t\t\t\t\t\t\t\t\t<span class=\"elementor-button-text\">Contact<\/span>\n\t\t\t\t\t<\/span>\n\t\t\t\t\t<\/a>\n\t\t\t\t<\/div>\n\t\t\t\t\t\t\t\t<\/div>\n\t\t\t\t<\/div>\n\t\t\t\t<div class=\"elementor-element elementor-element-bbe3fff elementor-mobile-align-justify elementor-widget-mobile__width-inherit elementor-widget elementor-widget-button\" data-id=\"bbe3fff\" data-element_type=\"widget\" data-widget_type=\"button.default\">\n\t\t\t\t<div class=\"elementor-widget-container\">\n\t\t\t\t\t\t\t\t\t<div class=\"elementor-button-wrapper\">\n\t\t\t\t\t<a class=\"elementor-button elementor-button-link elementor-size-sm\" href=\"https:\/\/hyvongsong.com\/en\/careers\/\">\n\t\t\t\t\t\t<span class=\"elementor-button-content-wrapper\">\n\t\t\t\t\t\t\t\t\t<span class=\"elementor-button-text\">Job<\/span>\n\t\t\t\t\t<\/span>\n\t\t\t\t\t<\/a>\n\t\t\t\t<\/div>\n\t\t\t\t\t\t\t\t<\/div>\n\t\t\t\t<\/div>\n\t\t\t\t<\/div>\n\t\t\t\t\t<\/div>\n\t\t\t\t<\/div>\n\t\t<div class=\"elementor-element elementor-element-5aa9570d elementor-hidden-mobile e-flex e-con-boxed e-con e-parent\" data-id=\"5aa9570d\" data-element_type=\"container\" data-settings=\"{&quot;background_background&quot;:&quot;classic&quot;}\">\n\t\t\t\t\t<div class=\"e-con-inner\">\n\t\t<div class=\"elementor-element elementor-element-29531e91 e-con-full e-flex e-con e-child\" data-id=\"29531e91\" data-element_type=\"container\">\n\t\t\t\t<\/div>\n\t\t<div class=\"elementor-element elementor-element-78c18d93 e-con-full e-flex e-con e-child\" data-id=\"78c18d93\" data-element_type=\"container\">\n\t\t<div class=\"elementor-element elementor-element-7eb36004 e-con-full e-flex e-con e-child\" data-id=\"7eb36004\" data-element_type=\"container\" data-settings=\"{&quot;background_background&quot;:&quot;classic&quot;}\">\n\t\t\t\t<div class=\"elementor-element elementor-element-a37b8e4 elementor-widget elementor-widget-heading\" data-id=\"a37b8e4\" data-element_type=\"widget\" data-widget_type=\"heading.default\">\n\t\t\t\t<div class=\"elementor-widget-container\">\n\t\t\t\t\t<h2 class=\"elementor-heading-title elementor-size-default\"><a href=\"https:\/\/hyvongsong.com\/en\/connect\/\">Contact<\/a><\/h2>\t\t\t\t<\/div>\n\t\t\t\t<\/div>\n\t\t\t\t<\/div>\n\t\t\t\t<\/div>\n\t\t<div class=\"elementor-element elementor-element-770da3cb e-con-full e-flex e-con e-child\" data-id=\"770da3cb\" data-element_type=\"container\">\n\t\t<div class=\"elementor-element elementor-element-17c86727 e-con-full e-flex e-con e-child\" data-id=\"17c86727\" data-element_type=\"container\" data-settings=\"{&quot;background_background&quot;:&quot;classic&quot;}\">\n\t\t\t\t<div class=\"elementor-element elementor-element-c241363 elementor-widget elementor-widget-heading\" data-id=\"c241363\" data-element_type=\"widget\" data-widget_type=\"heading.default\">\n\t\t\t\t<div class=\"elementor-widget-container\">\n\t\t\t\t\t<h2 class=\"elementor-heading-title elementor-size-default\"><a href=\"https:\/\/hyvongsong.com\/en\/careers\/\">Job<\/a><\/h2>\t\t\t\t<\/div>\n\t\t\t\t<\/div>\n\t\t\t\t<\/div>\n\t\t\t\t<\/div>\n\t\t<div class=\"elementor-element elementor-element-11fac8ec e-con-full e-flex e-con e-child\" data-id=\"11fac8ec\" data-element_type=\"container\">\n\t\t\t\t<\/div>\n\t\t\t\t\t<\/div>\n\t\t\t\t<\/div>\n\t\t\t\t<\/div>","protected":false},"excerpt":{"rendered":"<p>Tr\u1edf th\u00e0nh nh\u00e0 t\u00e0i tr\u1ee3 Tr\u1edf th\u00e0nh nh\u00e0 t\u00e0i tr\u1ee3 Tr\u1edf th\u00e0nh nh\u00e0 t\u00e0i tr\u1ee3 gi\u00e1 tr\u1ecb ti\u1ebfp theo c\u1ee7a ch\u00fang t\u00f4i M\u1ed7i ng\u00e0y, c\u00f3&hellip;<\/p>","protected":false},"author":1,"featured_media":0,"parent":0,"menu_order":0,"comment_status":"closed","ping_status":"closed","template":"elementor_header_footer","meta":{"_acf_changed":false,"footnotes":""},"class_list":["post-4449","page","type-page","status-publish","hentry"],"acf":[],"_links":{"self":[{"href":"https:\/\/hyvongsong.com\/en\/wp-json\/wp\/v2\/pages\/4449","targetHints":{"allow":["GET"]}}],"collection":[{"href":"https:\/\/hyvongsong.com\/en\/wp-json\/wp\/v2\/pages"}],"about":[{"href":"https:\/\/hyvongsong.com\/en\/wp-json\/wp\/v2\/types\/page"}],"author":[{"embeddable":true,"href":"https:\/\/hyvongsong.com\/en\/wp-json\/wp\/v2\/users\/1"}],"replies":[{"embeddable":true,"href":"https:\/\/hyvongsong.com\/en\/wp-json\/wp\/v2\/comments?post=4449"}],"version-history":[{"count":3,"href":"https:\/\/hyvongsong.com\/en\/wp-json\/wp\/v2\/pages\/4449\/revisions"}],"predecessor-version":[{"id":5715,"href":"https:\/\/hyvongsong.com\/en\/wp-json\/wp\/v2\/pages\/4449\/revisions\/5715"}],"wp:attachment":[{"href":"https:\/\/hyvongsong.com\/en\/wp-json\/wp\/v2\/media?parent=4449"}],"curies":[{"name":"wp","href":"https:\/\/api.w.org\/{rel}","templated":true}]}}