{"id":3090,"date":"2024-11-01T23:14:23","date_gmt":"2024-11-01T23:14:23","guid":{"rendered":"https:\/\/hyvongsong.com\/?page_id=3090"},"modified":"2025-06-23T07:39:10","modified_gmt":"2025-06-23T07:39:10","slug":"apply-now","status":"publish","type":"page","link":"https:\/\/hyvongsong.com\/en\/apply-now\/","title":{"rendered":"Apply Now"},"content":{"rendered":"<div data-elementor-type=\"wp-page\" data-elementor-id=\"3090\" class=\"elementor elementor-3090\" data-elementor-post-type=\"page\">\n\t\t\t\t<div class=\"elementor-element elementor-element-d39d4f0 e-con-full e-flex e-con e-parent\" data-id=\"d39d4f0\" data-element_type=\"container\" data-settings=\"{&quot;background_background&quot;:&quot;classic&quot;}\">\n\t\t<div class=\"elementor-element elementor-element-a49081d e-con-full e-flex e-con e-child\" data-id=\"a49081d\" data-element_type=\"container\" data-settings=\"{&quot;background_background&quot;:&quot;classic&quot;}\">\n\t\t\t\t<div class=\"elementor-element elementor-element-cf64557 elementor-widget elementor-widget-heading\" data-id=\"cf64557\" data-element_type=\"widget\" data-widget_type=\"heading.default\">\n\t\t\t\t<div class=\"elementor-widget-container\">\n\t\t\t\t\t<h2 class=\"elementor-heading-title elementor-size-default\">\u1ee8ng tuy\u1ec3n ngay<\/h2>\t\t\t\t<\/div>\n\t\t\t\t<\/div>\n\t\t\t\t<\/div>\n\t\t\t\t<\/div>\n\t\t<div class=\"elementor-element elementor-element-1284340 e-flex e-con-boxed e-con e-parent\" data-id=\"1284340\" data-element_type=\"container\">\n\t\t\t\t\t<div class=\"e-con-inner\">\n\t\t\t\t<div class=\"elementor-element elementor-element-db8eb65 elementor-widget elementor-widget-heading\" data-id=\"db8eb65\" data-element_type=\"widget\" data-widget_type=\"heading.default\">\n\t\t\t\t<div class=\"elementor-widget-container\">\n\t\t\t\t\t<h2 class=\"elementor-heading-title elementor-size-default\">T\u1ea1i HOPE, Con Ng\u01b0\u1eddi L\u00e0 Y\u1ebfu T\u1ed1 L\u00e0m N\u00ean Th\u00e0nh C\u00f4ng<\/h2>\t\t\t\t<\/div>\n\t\t\t\t<\/div>\n\t\t\t\t<div class=\"elementor-element elementor-element-a99ec71 elementor-widget elementor-widget-text-editor\" data-id=\"a99ec71\" data-element_type=\"widget\" data-widget_type=\"text-editor.default\">\n\t\t\t\t<div class=\"elementor-widget-container\">\n\t\t\t\t\t\t\t\t\t<p data-start=\"152\" data-end=\"487\">Kh\u1ea3 n\u0103ng \u0111\u1ed5i m\u1edbi, ph\u00e1t tri\u1ec3n v\u00e0 d\u1eabn d\u1eaft c\u1ee7a ch\u00fang t\u00f4i \u0111\u01b0\u1ee3c th\u00fac \u0111\u1ea9y b\u1edfi m\u1ed9t y\u1ebfu t\u1ed1 then ch\u1ed1t: con ng\u01b0\u1eddi.<br data-start=\"256\" data-end=\"259\" \/>Ch\u00fang t\u00f4i cam k\u1ebft thu h\u00fat v\u00e0 gi\u1eef ch\u00e2n nh\u1eefng nh\u00e2n t\u00e0i h\u00e0ng \u0111\u1ea7u, v\u00e0 \u0111ang t\u00ecm ki\u1ebfm nh\u1eefng c\u00e1 nh\u00e2n s\u00e1ng t\u1ea1o, linh ho\u1ea1t, \u0111\u00e1ng tin c\u1eady v\u00e0 gi\u00e0u l\u00f2ng tr\u1eafc \u1ea9n \u2013 nh\u1eefng ng\u01b0\u1eddi mong mu\u1ed1n t\u1ea1o ra gi\u00e1 tr\u1ecb trong m\u1ed9t m\u00f4i tr\u01b0\u1eddng t\u00edch c\u1ef1c v\u00e0 h\u1ed7 tr\u1ee3.N\u1ebfu b\u1ea1n mang \u0111\u1ebfn tinh th\u1ea7n l\u1ea1c quan v\u00e0 \u0111am m\u00ea t\u1ea1o ra s\u1ef1 kh\u00e1c bi\u1ec7t trong cu\u1ed9c s\u1ed1ng c\u1ee7a ng\u01b0\u1eddi kh\u00e1c, ch\u00fang t\u00f4i m\u1eddi b\u1ea1n tham gia c\u00f9ng \u0111\u1ed9i ng\u0169 c\u1ee7a HOPE.<br data-start=\"636\" data-end=\"639\" \/>T\u1ea1i HOPE, s\u1ef1 \u0111a d\u1ea1ng v\u00e0 h\u00f2a nh\u1eadp l\u00e0 gi\u00e1 tr\u1ecb c\u1ed1t l\u00f5i trong v\u0103n h\u00f3a c\u1ee7a ch\u00fang t\u00f4i, c\u00f9ng v\u1edbi an to\u00e0n, \u0111\u1ed5i m\u1edbi v\u00e0 ch\u00ednh tr\u1ef1c.<br data-start=\"760\" data-end=\"763\" \/>Ch\u00fang t\u00f4i \u0111\u00e1nh gi\u00e1 cao l\u1ee3i \u00edch t\u1eeb m\u1ed9t l\u1ef1c l\u01b0\u1ee3ng lao \u0111\u1ed9ng \u0111a d\u1ea1ng, c\u0169ng nh\u01b0 l\u1ee3i \u00edch m\u00e0 \u0111i\u1ec1u \u0111\u00f3 mang l\u1ea1i cho kh\u00e1ch h\u00e0ng v\u00e0 c\u1ed9ng \u0111\u1ed3ng m\u00e0 ch\u00fang t\u00f4i ph\u1ee5c v\u1ee5.<\/p>\t\t\t\t\t\t\t\t<\/div>\n\t\t\t\t<\/div>\n\t\t\t\t\t<\/div>\n\t\t\t\t<\/div>\n\t\t<div class=\"elementor-element elementor-element-274efc8 e-flex e-con-boxed e-con e-parent\" data-id=\"274efc8\" data-element_type=\"container\">\n\t\t\t\t\t<div class=\"e-con-inner\">\n\t\t\t\t<div class=\"elementor-element elementor-element-500d396 elementor-widget elementor-widget-heading\" data-id=\"500d396\" data-element_type=\"widget\" data-widget_type=\"heading.default\">\n\t\t\t\t<div class=\"elementor-widget-container\">\n\t\t\t\t\t<h2 class=\"elementor-heading-title elementor-size-default\">Quy Tr\u00ecnh \u1ee8ng Tuy\u1ec3n<\/h2>\t\t\t\t<\/div>\n\t\t\t\t<\/div>\n\t\t\t\t<div class=\"elementor-element elementor-element-16ca8ac elementor-widget elementor-widget-text-editor\" data-id=\"16ca8ac\" data-element_type=\"widget\" data-widget_type=\"text-editor.default\">\n\t\t\t\t<div class=\"elementor-widget-container\">\n\t\t\t\t\t\t\t\t\t<p data-start=\"951\" data-end=\"1302\">\u0110\u1ec3 qu\u00e1 tr\u00ecnh \u1ee9ng tuy\u1ec3n tr\u1edf n\u00ean d\u1ec5 d\u00e0ng h\u01a1n, ch\u00fang t\u00f4i \u0111\u00e3 \u0111\u01a1n gi\u1ea3n h\u00f3a quy tr\u00ecnh tuy\u1ec3n d\u1ee5ng th\u00f4ng qua h\u1ec7 th\u1ed1ng n\u1ed9p \u0111\u01a1n tr\u1ef1c tuy\u1ebfn.<br data-start=\"1080\" data-end=\"1083\" \/>Vi\u1ec7c xem x\u00e9t h\u1ed3 s\u01a1 b\u1eaft \u0111\u1ea7u t\u1eeb qu\u00e1 tr\u00ecnh \u0111i\u1ec7n t\u1eed n\u00e0y. Nh\u1eefng \u0111\u01a1n \u1ee9ng tuy\u1ec3n ban \u0111\u1ea7u s\u1ebd \u0111\u01b0\u1ee3c \u0111\u00e1nh gi\u00e1 d\u1ef1a tr\u00ean ti\u00eau ch\u00ed t\u1ed1i thi\u1ec3u. Sau \u0111\u00f3, c\u00e1c \u1ee9ng vi\u00ean \u0111\u1ee7 \u0111i\u1ec1u ki\u1ec7n s\u1ebd \u0111\u01b0\u1ee3c chuy\u1ec3n \u0111\u1ebfn cho ng\u01b0\u1eddi qu\u1ea3n l\u00fd tuy\u1ec3n d\u1ee5ng xem x\u00e9t.Ng\u01b0\u1eddi qu\u1ea3n l\u00fd s\u1ebd thi\u1ebft l\u1eadp th\u1eddi gian ph\u1ecfng v\u1ea5n v\u00e0 l\u1ef1a ch\u1ecdn \u1ee9ng vi\u00ean ph\u00f9 h\u1ee3p cho c\u00e1c v\u1ecb tr\u00ed \u0111ang tuy\u1ec3n.<\/p>\t\t\t\t\t\t\t\t<\/div>\n\t\t\t\t<\/div>\n\t\t\t\t\t<\/div>\n\t\t\t\t<\/div>\n\t\t\t\t<\/div>","protected":false},"excerpt":{"rendered":"<p>\u1ee8ng tuy\u1ec3n ngay T\u1ea1i HOPE, Con Ng\u01b0\u1eddi L\u00e0 Y\u1ebfu T\u1ed1 L\u00e0m N\u00ean Th\u00e0nh C\u00f4ng Kh\u1ea3 n\u0103ng \u0111\u1ed5i m\u1edbi, ph\u00e1t tri\u1ec3n v\u00e0 d\u1eabn d\u1eaft c\u1ee7a ch\u00fang&hellip;<\/p>","protected":false},"author":2,"featured_media":0,"parent":0,"menu_order":0,"comment_status":"closed","ping_status":"closed","template":"elementor_header_footer","meta":{"_acf_changed":false,"footnotes":""},"class_list":["post-3090","page","type-page","status-publish","hentry"],"acf":[],"_links":{"self":[{"href":"https:\/\/hyvongsong.com\/en\/wp-json\/wp\/v2\/pages\/3090","targetHints":{"allow":["GET"]}}],"collection":[{"href":"https:\/\/hyvongsong.com\/en\/wp-json\/wp\/v2\/pages"}],"about":[{"href":"https:\/\/hyvongsong.com\/en\/wp-json\/wp\/v2\/types\/page"}],"author":[{"embeddable":true,"href":"https:\/\/hyvongsong.com\/en\/wp-json\/wp\/v2\/users\/2"}],"replies":[{"embeddable":true,"href":"https:\/\/hyvongsong.com\/en\/wp-json\/wp\/v2\/comments?post=3090"}],"version-history":[{"count":0,"href":"https:\/\/hyvongsong.com\/en\/wp-json\/wp\/v2\/pages\/3090\/revisions"}],"wp:attachment":[{"href":"https:\/\/hyvongsong.com\/en\/wp-json\/wp\/v2\/media?parent=3090"}],"curies":[{"name":"wp","href":"https:\/\/api.w.org\/{rel}","templated":true}]}}