{"id":2452,"date":"2024-10-27T10:08:49","date_gmt":"2024-10-27T10:08:49","guid":{"rendered":"https:\/\/hyvongsong.com\/?page_id=2452"},"modified":"2026-03-06T08:40:24","modified_gmt":"2026-03-06T01:40:24","slug":"meet-our-staff","status":"publish","type":"page","link":"https:\/\/hyvongsong.com\/en\/meet-our-staff\/","title":{"rendered":"Meet our Staff"},"content":{"rendered":"<div data-elementor-type=\"wp-page\" data-elementor-id=\"2452\" class=\"elementor elementor-2452\" data-elementor-post-type=\"page\">\n\t\t\t\t<div class=\"elementor-element elementor-element-304b758d e-con-full banner  e-flex e-con e-parent\" data-id=\"304b758d\" data-element_type=\"container\" data-settings=\"{&quot;background_background&quot;:&quot;classic&quot;}\">\n\t\t<div class=\"elementor-element elementor-element-340c04e0 e-con-full title e-flex e-con e-child\" data-id=\"340c04e0\" data-element_type=\"container\" data-settings=\"{&quot;background_background&quot;:&quot;classic&quot;}\">\n\t\t\t\t<div class=\"elementor-element elementor-element-3fee673d elementor-widget elementor-widget-heading\" data-id=\"3fee673d\" data-element_type=\"widget\" data-widget_type=\"heading.default\">\n\t\t\t\t<div class=\"elementor-widget-container\">\n\t\t\t\t\t<h2 class=\"elementor-heading-title elementor-size-default\">Get to know our team<\/h2>\t\t\t\t<\/div>\n\t\t\t\t<\/div>\n\t\t\t\t<\/div>\n\t\t\t\t<\/div>\n\t\t<div class=\"elementor-element elementor-element-244a7690 e-con-full e-flex e-con e-parent\" data-id=\"244a7690\" data-element_type=\"container\" data-settings=\"{&quot;background_background&quot;:&quot;classic&quot;}\">\n\t\t\t\t<div class=\"elementor-element elementor-element-1585cc7b elementor-widget elementor-widget-heading\" data-id=\"1585cc7b\" data-element_type=\"widget\" data-widget_type=\"heading.default\">\n\t\t\t\t<div class=\"elementor-widget-container\">\n\t\t\t\t\t<h2 class=\"elementor-heading-title elementor-size-default\">Our team<\/h2>\t\t\t\t<\/div>\n\t\t\t\t<\/div>\n\t\t\t\t<div class=\"elementor-element elementor-element-8902125 elementor-widget__width-initial elementor-widget elementor-widget-text-editor\" data-id=\"8902125\" data-element_type=\"widget\" data-widget_type=\"text-editor.default\">\n\t\t\t\t<div class=\"elementor-widget-container\">\n\t\t\t\t\t\t\t\t\t<p>The HOPE Board of Directors is up of a dedicated <strong>volunteers\u00a0<\/strong>who contribute their time and expertise, <br \/>to advance HOPE's mission and support the organization's goals.<\/p>\t\t\t\t\t\t\t\t<\/div>\n\t\t\t\t<\/div>\n\t\t\t\t<\/div>\n\t\t<div class=\"elementor-element elementor-element-1c540d9 e-flex e-con-boxed e-con e-parent\" data-id=\"1c540d9\" data-element_type=\"container\">\n\t\t\t\t\t<div class=\"e-con-inner\">\n\t\t<div class=\"elementor-element elementor-element-ac01a03 e-con-full e-flex e-con e-child\" data-id=\"ac01a03\" data-element_type=\"container\">\n\t\t<div class=\"elementor-element elementor-element-a6019ce e-con-full team-photo team-card merijin e-flex e-con e-child\" data-id=\"a6019ce\" data-element_type=\"container\" data-settings=\"{&quot;background_background&quot;:&quot;classic&quot;,&quot;background_motion_fx_motion_fx_mouse&quot;:&quot;yes&quot;}\" data-modal=\"merijn\">\n\t\t\t\t<\/div>\n\t\t<div class=\"elementor-element elementor-element-d7f324e e-con-full e-flex e-con e-child\" data-id=\"d7f324e\" data-element_type=\"container\">\n\t\t\t\t<div class=\"elementor-element elementor-element-bd17d86 elementor-widget elementor-widget-heading\" data-id=\"bd17d86\" data-element_type=\"widget\" data-widget_type=\"heading.default\">\n\t\t\t\t<div class=\"elementor-widget-container\">\n\t\t\t\t\t<h2 class=\"elementor-heading-title elementor-size-default\">Merijn Mattheijssen<\/h2>\t\t\t\t<\/div>\n\t\t\t\t<\/div>\n\t\t\t\t<div class=\"elementor-element elementor-element-045d501 elementor-widget elementor-widget-text-editor\" data-id=\"045d501\" data-element_type=\"widget\" data-widget_type=\"text-editor.default\">\n\t\t\t\t<div class=\"elementor-widget-container\">\n\t\t\t\t\t\t\t\t\t<p><strong data-start=\"28\" data-end=\"50\">Founder<\/strong><\/p>\t\t\t\t\t\t\t\t<\/div>\n\t\t\t\t<\/div>\n\t\t\t\t<div class=\"elementor-element elementor-element-e9cb0fe elementor-widget elementor-widget-text-editor\" data-id=\"e9cb0fe\" data-element_type=\"widget\" data-widget_type=\"text-editor.default\">\n\t\t\t\t<div class=\"elementor-widget-container\">\n\t\t\t\t\t\t\t\t\t<p><strong>merijn@psychologistvietnam.com<\/strong><\/p>\t\t\t\t\t\t\t\t<\/div>\n\t\t\t\t<\/div>\n\t\t\t\t<\/div>\n\t\t\t\t<\/div>\n\t\t<div class=\"elementor-element elementor-element-427fb54 e-con-full e-flex e-con e-child\" data-id=\"427fb54\" data-element_type=\"container\">\n\t\t<div class=\"elementor-element elementor-element-1b60883 e-con-full team-photo team-card tram e-flex e-con e-child\" data-id=\"1b60883\" data-element_type=\"container\" data-settings=\"{&quot;background_background&quot;:&quot;classic&quot;}\" data-modal=\"tram\">\n\t\t\t\t<\/div>\n\t\t<div class=\"elementor-element elementor-element-8595cb2 e-con-full e-flex e-con e-child\" data-id=\"8595cb2\" data-element_type=\"container\">\n\t\t\t\t<div class=\"elementor-element elementor-element-872e35b elementor-widget elementor-widget-heading\" data-id=\"872e35b\" data-element_type=\"widget\" data-widget_type=\"heading.default\">\n\t\t\t\t<div class=\"elementor-widget-container\">\n\t\t\t\t\t<h2 class=\"elementor-heading-title elementor-size-default\">Mai B\u1ea3o Tr\u00e2m<\/h2>\t\t\t\t<\/div>\n\t\t\t\t<\/div>\n\t\t\t\t<div class=\"elementor-element elementor-element-1c38b54 elementor-widget elementor-widget-text-editor\" data-id=\"1c38b54\" data-element_type=\"widget\" data-widget_type=\"text-editor.default\">\n\t\t\t\t<div class=\"elementor-widget-container\">\n\t\t\t\t\t\t\t\t\t<p><strong>General Manager<\/strong><\/p>\t\t\t\t\t\t\t\t<\/div>\n\t\t\t\t<\/div>\n\t\t\t\t<div class=\"elementor-element elementor-element-346d815 elementor-widget elementor-widget-text-editor\" data-id=\"346d815\" data-element_type=\"widget\" data-widget_type=\"text-editor.default\">\n\t\t\t\t<div class=\"elementor-widget-container\">\n\t\t\t\t\t\t\t\t\t<p><strong>maingocbaotram12a3cl@gmail.com<\/strong><\/p>\t\t\t\t\t\t\t\t<\/div>\n\t\t\t\t<\/div>\n\t\t\t\t<\/div>\n\t\t\t\t<\/div>\n\t\t<div class=\"elementor-element elementor-element-d381b44 e-con-full e-flex e-con e-child\" data-id=\"d381b44\" data-element_type=\"container\">\n\t\t<div class=\"elementor-element elementor-element-d29f769 e-con-full team-photo team-card vi e-flex e-con e-child\" data-id=\"d29f769\" data-element_type=\"container\" data-settings=\"{&quot;background_background&quot;:&quot;classic&quot;}\" data-modal=\"vi\">\n\t\t\t\t<\/div>\n\t\t<div class=\"elementor-element elementor-element-f51a262 e-con-full e-flex e-con e-child\" data-id=\"f51a262\" data-element_type=\"container\">\n\t\t\t\t<div class=\"elementor-element elementor-element-b4ee756 elementor-widget elementor-widget-heading\" data-id=\"b4ee756\" data-element_type=\"widget\" data-widget_type=\"heading.default\">\n\t\t\t\t<div class=\"elementor-widget-container\">\n\t\t\t\t\t<h2 class=\"elementor-heading-title elementor-size-default\">Thanh Vi<\/h2>\t\t\t\t<\/div>\n\t\t\t\t<\/div>\n\t\t\t\t<div class=\"elementor-element elementor-element-b862575 elementor-widget elementor-widget-text-editor\" data-id=\"b862575\" data-element_type=\"widget\" data-widget_type=\"text-editor.default\">\n\t\t\t\t<div class=\"elementor-widget-container\">\n\t\t\t\t\t\t\t\t\t<p><strong data-start=\"74\" data-end=\"105\">Donor Relations Manager<\/strong><\/p>\t\t\t\t\t\t\t\t<\/div>\n\t\t\t\t<\/div>\n\t\t\t\t<div class=\"elementor-element elementor-element-d3a3716 elementor-widget elementor-widget-text-editor\" data-id=\"d3a3716\" data-element_type=\"widget\" data-widget_type=\"text-editor.default\">\n\t\t\t\t<div class=\"elementor-widget-container\">\n\t\t\t\t\t\t\t\t\t<p><strong>phamthanhvipsy@gmail.com<\/strong><\/p>\t\t\t\t\t\t\t\t<\/div>\n\t\t\t\t<\/div>\n\t\t\t\t<\/div>\n\t\t\t\t<\/div>\n\t\t<div class=\"elementor-element elementor-element-41a0f0b e-con-full e-flex e-con e-child\" data-id=\"41a0f0b\" data-element_type=\"container\">\n\t\t<div class=\"elementor-element elementor-element-408e1ee e-con-full team-photo team-card anh e-flex e-con e-child\" data-id=\"408e1ee\" data-element_type=\"container\" data-settings=\"{&quot;background_background&quot;:&quot;classic&quot;}\" data-modal=\"anh\">\n\t\t\t\t<\/div>\n\t\t<div class=\"elementor-element elementor-element-f8e1c6a e-con-full e-flex e-con e-child\" data-id=\"f8e1c6a\" data-element_type=\"container\">\n\t\t\t\t<div class=\"elementor-element elementor-element-ac95815 elementor-widget elementor-widget-heading\" data-id=\"ac95815\" data-element_type=\"widget\" data-widget_type=\"heading.default\">\n\t\t\t\t<div class=\"elementor-widget-container\">\n\t\t\t\t\t<h2 class=\"elementor-heading-title elementor-size-default\">Nguy\u1ec5n V\u00e2n Anh<\/h2>\t\t\t\t<\/div>\n\t\t\t\t<\/div>\n\t\t\t\t<div class=\"elementor-element elementor-element-82d4a76 elementor-widget elementor-widget-text-editor\" data-id=\"82d4a76\" data-element_type=\"widget\" data-widget_type=\"text-editor.default\">\n\t\t\t\t<div class=\"elementor-widget-container\">\n\t\t\t\t\t\t\t\t\t<p><strong>HR Recruitment Manager<\/strong><\/p>\t\t\t\t\t\t\t\t<\/div>\n\t\t\t\t<\/div>\n\t\t\t\t<div class=\"elementor-element elementor-element-98cae4e elementor-widget elementor-widget-text-editor\" data-id=\"98cae4e\" data-element_type=\"widget\" data-widget_type=\"text-editor.default\">\n\t\t\t\t<div class=\"elementor-widget-container\">\n\t\t\t\t\t\t\t\t\t<p><strong>vananhnt267@gmail.com<\/strong><\/p>\t\t\t\t\t\t\t\t<\/div>\n\t\t\t\t<\/div>\n\t\t\t\t<\/div>\n\t\t\t\t<\/div>\n\t\t\t\t\t<\/div>\n\t\t\t\t<\/div>\n\t\t<div class=\"elementor-element elementor-element-774f43b e-flex e-con-boxed e-con e-parent\" data-id=\"774f43b\" data-element_type=\"container\">\n\t\t\t\t\t<div class=\"e-con-inner\">\n\t\t<div class=\"elementor-element elementor-element-4833524 e-con-full e-flex e-con e-child\" data-id=\"4833524\" data-element_type=\"container\">\n\t\t<div class=\"elementor-element elementor-element-3cfd779 e-con-full team-photo team-card han e-flex e-con e-child\" data-id=\"3cfd779\" data-element_type=\"container\" data-settings=\"{&quot;background_background&quot;:&quot;classic&quot;}\" data-modal=\"hau\">\n\t\t\t\t<\/div>\n\t\t<div class=\"elementor-element elementor-element-33f8868 e-con-full e-flex e-con e-child\" data-id=\"33f8868\" data-element_type=\"container\">\n\t\t\t\t<div class=\"elementor-element elementor-element-8561b11 elementor-widget elementor-widget-heading\" data-id=\"8561b11\" data-element_type=\"widget\" data-widget_type=\"heading.default\">\n\t\t\t\t<div class=\"elementor-widget-container\">\n\t\t\t\t\t<h2 class=\"elementor-heading-title elementor-size-default\">H\u00e2n Tr\u1ea7n<\/h2>\t\t\t\t<\/div>\n\t\t\t\t<\/div>\n\t\t\t\t<div class=\"elementor-element elementor-element-6ffa39b elementor-widget elementor-widget-text-editor\" data-id=\"6ffa39b\" data-element_type=\"widget\" data-widget_type=\"text-editor.default\">\n\t\t\t\t<div class=\"elementor-widget-container\">\n\t\t\t\t\t\t\t\t\t<p><strong>Education Manager<\/strong><\/p>\t\t\t\t\t\t\t\t<\/div>\n\t\t\t\t<\/div>\n\t\t\t\t<div class=\"elementor-element elementor-element-e84ed40 elementor-widget elementor-widget-text-editor\" data-id=\"e84ed40\" data-element_type=\"widget\" data-widget_type=\"text-editor.default\">\n\t\t\t\t<div class=\"elementor-widget-container\">\n\t\t\t\t\t\t\t\t\t<p><strong>truchan@gmail.com<\/strong><\/p>\t\t\t\t\t\t\t\t<\/div>\n\t\t\t\t<\/div>\n\t\t\t\t<\/div>\n\t\t\t\t<\/div>\n\t\t<div class=\"elementor-element elementor-element-746e735 e-con-full e-flex e-con e-child\" data-id=\"746e735\" data-element_type=\"container\">\n\t\t<div class=\"elementor-element elementor-element-930c03f e-con-full team-photo team-card thu e-flex e-con e-child\" data-id=\"930c03f\" data-element_type=\"container\" data-settings=\"{&quot;background_background&quot;:&quot;classic&quot;}\" data-modal=\"hau\">\n\t\t\t\t<\/div>\n\t\t<div class=\"elementor-element elementor-element-67e09b0 e-con-full e-flex e-con e-child\" data-id=\"67e09b0\" data-element_type=\"container\">\n\t\t\t\t<div class=\"elementor-element elementor-element-5caf195 elementor-widget elementor-widget-heading\" data-id=\"5caf195\" data-element_type=\"widget\" data-widget_type=\"heading.default\">\n\t\t\t\t<div class=\"elementor-widget-container\">\n\t\t\t\t\t<h2 class=\"elementor-heading-title elementor-size-default\">Nguy\u1ec5n H\u1ed3ng Nhi\u00ean<\/h2>\t\t\t\t<\/div>\n\t\t\t\t<\/div>\n\t\t\t\t<div class=\"elementor-element elementor-element-89d8e76 elementor-widget elementor-widget-text-editor\" data-id=\"89d8e76\" data-element_type=\"widget\" data-widget_type=\"text-editor.default\">\n\t\t\t\t<div class=\"elementor-widget-container\">\n\t\t\t\t\t\t\t\t\t<p><strong>Marketing Manager<\/strong><\/p>\t\t\t\t\t\t\t\t<\/div>\n\t\t\t\t<\/div>\n\t\t\t\t<div class=\"elementor-element elementor-element-d7de200 elementor-widget elementor-widget-text-editor\" data-id=\"d7de200\" data-element_type=\"widget\" data-widget_type=\"text-editor.default\">\n\t\t\t\t<div class=\"elementor-widget-container\">\n\t\t\t\t\t\t\t\t\t<p><strong>nguyenhongnhien46@gmail.com<\/strong><\/p>\t\t\t\t\t\t\t\t<\/div>\n\t\t\t\t<\/div>\n\t\t\t\t<\/div>\n\t\t\t\t<\/div>\n\t\t<div class=\"elementor-element elementor-element-b1926f0 e-con-full e-flex e-con e-child\" data-id=\"b1926f0\" data-element_type=\"container\">\n\t\t<div class=\"elementor-element elementor-element-ce8857c e-con-full team-photo team-card hau e-flex e-con e-child\" data-id=\"ce8857c\" data-element_type=\"container\" data-settings=\"{&quot;background_background&quot;:&quot;classic&quot;}\" data-modal=\"hau\">\n\t\t\t\t<\/div>\n\t\t<div class=\"elementor-element elementor-element-43b0efe e-con-full e-flex e-con e-child\" data-id=\"43b0efe\" data-element_type=\"container\">\n\t\t\t\t<div class=\"elementor-element elementor-element-e3568b3 elementor-widget elementor-widget-heading\" data-id=\"e3568b3\" data-element_type=\"widget\" data-widget_type=\"heading.default\">\n\t\t\t\t<div class=\"elementor-widget-container\">\n\t\t\t\t\t<h2 class=\"elementor-heading-title elementor-size-default\">Nguy\u1ec5n Th\u1ecb H\u1eadu<\/h2>\t\t\t\t<\/div>\n\t\t\t\t<\/div>\n\t\t\t\t<div class=\"elementor-element elementor-element-27e53ba elementor-widget elementor-widget-text-editor\" data-id=\"27e53ba\" data-element_type=\"widget\" data-widget_type=\"text-editor.default\">\n\t\t\t\t<div class=\"elementor-widget-container\">\n\t\t\t\t\t\t\t\t\t<p><strong>Hotline Manager<\/strong><\/p>\t\t\t\t\t\t\t\t<\/div>\n\t\t\t\t<\/div>\n\t\t\t\t<div class=\"elementor-element elementor-element-e8ccd78 elementor-widget elementor-widget-text-editor\" data-id=\"e8ccd78\" data-element_type=\"widget\" data-widget_type=\"text-editor.default\">\n\t\t\t\t<div class=\"elementor-widget-container\">\n\t\t\t\t\t\t\t\t\t<p><strong>nguyenthihau17102003@gmail.com<\/strong><\/p>\t\t\t\t\t\t\t\t<\/div>\n\t\t\t\t<\/div>\n\t\t\t\t<\/div>\n\t\t\t\t<\/div>\n\t\t<div class=\"elementor-element elementor-element-91e8433 e-con-full e-flex e-con e-child\" data-id=\"91e8433\" data-element_type=\"container\">\n\t\t\t\t<\/div>\n\t\t\t\t\t<\/div>\n\t\t\t\t<\/div>\n\t\t\t\t<\/div>","protected":false},"excerpt":{"rendered":"<p>G\u1eb7p \u0111\u1ed9i ng\u0169 c\u1ee7a ch\u00fang t\u00f4i \u0110\u1ed9i ng\u0169 nh\u00e2n s\u1ef1 Ban Qu\u1ea3n Tr\u1ecb c\u1ee7a HOPE bao g\u1ed3m nh\u1eefng t\u00ecnh nguy\u1ec7n vi\u00ean t\u1eadn t\u00e2m\u00a0\u0111\u00f3ng g\u00f3p th\u1eddi&hellip;<\/p>","protected":false},"author":2,"featured_media":0,"parent":0,"menu_order":0,"comment_status":"closed","ping_status":"closed","template":"elementor_header_footer","meta":{"_acf_changed":false,"footnotes":""},"class_list":["post-2452","page","type-page","status-publish","hentry"],"acf":[],"_links":{"self":[{"href":"https:\/\/hyvongsong.com\/en\/wp-json\/wp\/v2\/pages\/2452","targetHints":{"allow":["GET"]}}],"collection":[{"href":"https:\/\/hyvongsong.com\/en\/wp-json\/wp\/v2\/pages"}],"about":[{"href":"https:\/\/hyvongsong.com\/en\/wp-json\/wp\/v2\/types\/page"}],"author":[{"embeddable":true,"href":"https:\/\/hyvongsong.com\/en\/wp-json\/wp\/v2\/users\/2"}],"replies":[{"embeddable":true,"href":"https:\/\/hyvongsong.com\/en\/wp-json\/wp\/v2\/comments?post=2452"}],"version-history":[{"count":184,"href":"https:\/\/hyvongsong.com\/en\/wp-json\/wp\/v2\/pages\/2452\/revisions"}],"predecessor-version":[{"id":12360,"href":"https:\/\/hyvongsong.com\/en\/wp-json\/wp\/v2\/pages\/2452\/revisions\/12360"}],"wp:attachment":[{"href":"https:\/\/hyvongsong.com\/en\/wp-json\/wp\/v2\/media?parent=2452"}],"curies":[{"name":"wp","href":"https:\/\/api.w.org\/{rel}","templated":true}]}}