{"id":2234,"date":"2024-10-27T04:26:18","date_gmt":"2024-10-27T04:26:18","guid":{"rendered":"https:\/\/hyvongsong.com\/?page_id=2234"},"modified":"2026-01-14T13:30:31","modified_gmt":"2026-01-14T06:30:31","slug":"mental-support-services","status":"publish","type":"page","link":"https:\/\/hyvongsong.com\/en\/mental-support-services\/","title":{"rendered":"Mental Support Services"},"content":{"rendered":"<div data-elementor-type=\"wp-page\" data-elementor-id=\"2234\" class=\"elementor elementor-2234\" data-elementor-post-type=\"page\">\n\t\t\t\t<div class=\"elementor-element elementor-element-1482f10 banner  e-flex e-con-boxed e-con e-parent\" data-id=\"1482f10\" data-element_type=\"container\" data-settings=\"{&quot;background_background&quot;:&quot;classic&quot;,&quot;background_motion_fx_motion_fx_scrolling&quot;:&quot;yes&quot;,&quot;background_motion_fx_devices&quot;:[&quot;widescreen&quot;,&quot;desktop&quot;,&quot;tablet&quot;,&quot;mobile&quot;]}\">\n\t\t\t\t\t<div class=\"e-con-inner\">\n\t\t<div class=\"elementor-element elementor-element-bb9f838 e-con-full title e-flex e-con e-child\" data-id=\"bb9f838\" data-element_type=\"container\" data-settings=\"{&quot;background_background&quot;:&quot;classic&quot;}\">\n\t\t\t\t<div class=\"elementor-element elementor-element-0a93039 elementor-widget elementor-widget-heading\" data-id=\"0a93039\" data-element_type=\"widget\" data-widget_type=\"heading.default\">\n\t\t\t\t<div class=\"elementor-widget-container\">\n\t\t\t\t\t<h2 class=\"elementor-heading-title elementor-size-default\">Emotional Support<\/h2>\t\t\t\t<\/div>\n\t\t\t\t<\/div>\n\t\t\t\t<\/div>\n\t\t\t\t\t<\/div>\n\t\t\t\t<\/div>\n\t\t<div class=\"elementor-element elementor-element-cea5134 e-flex e-con-boxed e-con e-parent\" data-id=\"cea5134\" data-element_type=\"container\" data-settings=\"{&quot;background_background&quot;:&quot;classic&quot;}\">\n\t\t\t\t\t<div class=\"e-con-inner\">\n\t\t<div class=\"elementor-element elementor-element-1b33efd e-con-full e-flex e-con e-child\" data-id=\"1b33efd\" data-element_type=\"container\">\n\t\t\t\t<\/div>\n\t\t<div class=\"elementor-element elementor-element-15c0065 e-con-full e-flex e-con e-child\" data-id=\"15c0065\" data-element_type=\"container\">\n\t\t<div class=\"elementor-element elementor-element-f834028 e-con-full e-flex e-con e-child\" data-id=\"f834028\" data-element_type=\"container\" data-settings=\"{&quot;background_background&quot;:&quot;classic&quot;}\">\n\t\t\t\t<div class=\"elementor-element elementor-element-d900926 elementor-widget elementor-widget-heading\" data-id=\"d900926\" data-element_type=\"widget\" data-widget_type=\"heading.default\">\n\t\t\t\t<div class=\"elementor-widget-container\">\n\t\t\t\t\t<h2 class=\"elementor-heading-title elementor-size-default\">Emotional Support<\/h2>\t\t\t\t<\/div>\n\t\t\t\t<\/div>\n\t\t\t\t<\/div>\n\t\t\t\t<\/div>\n\t\t<div class=\"elementor-element elementor-element-b15fcab e-con-full e-flex e-con e-child\" data-id=\"b15fcab\" data-element_type=\"container\">\n\t\t\t\t<\/div>\n\t\t\t\t\t<\/div>\n\t\t\t\t<\/div>\n\t\t<div class=\"elementor-element elementor-element-198c556f e-con-full e-flex e-con e-parent\" data-id=\"198c556f\" data-element_type=\"container\" data-settings=\"{&quot;background_background&quot;:&quot;classic&quot;}\">\n\t\t\t\t<div class=\"elementor-element elementor-element-67f07a96 elementor-widget elementor-widget-heading\" data-id=\"67f07a96\" data-element_type=\"widget\" data-widget_type=\"heading.default\">\n\t\t\t\t<div class=\"elementor-widget-container\">\n\t\t\t\t\t<h2 class=\"elementor-heading-title elementor-size-default\">We can help you find a mental health professional<\/h2>\t\t\t\t<\/div>\n\t\t\t\t<\/div>\n\t\t\t\t<\/div>\n\t\t<div class=\"elementor-element elementor-element-9f6711f e-flex e-con-boxed e-con e-parent\" data-id=\"9f6711f\" data-element_type=\"container\" data-settings=\"{&quot;background_background&quot;:&quot;classic&quot;}\">\n\t\t\t\t\t<div class=\"e-con-inner\">\n\t\t<div class=\"elementor-element elementor-element-84f8661 e-con-full e-flex e-con e-child\" data-id=\"84f8661\" data-element_type=\"container\">\n\t\t<div class=\"elementor-element elementor-element-011949b e-con-full e-flex e-con e-child\" data-id=\"011949b\" data-element_type=\"container\">\n\t\t<div class=\"elementor-element elementor-element-c489e64 e-con-full e-flex e-con e-child\" data-id=\"c489e64\" data-element_type=\"container\">\n\t\t\t\t<div class=\"elementor-element elementor-element-5a3c53f elementor-widget elementor-widget-text-editor\" data-id=\"5a3c53f\" data-element_type=\"widget\" data-widget_type=\"text-editor.default\">\n\t\t\t\t<div class=\"elementor-widget-container\">\n\t\t\t\t\t\t\t\t\t<p data-start=\"399\" data-end=\"804\">If you are feeling overwhelmed, under prolonged stress, or having suicidal thoughts, it is important to know that you are not alone, and that support is always available to you. Mental health challenges can affect anyone, and actively seeking help is an important step to help you feel safer and more supported during difficult times and moments of vulnerability, distress, and emotional pain that may feel heavy or isolating but can be shared with care, understanding, compassion, and timely support when needed.<\/p><p data-start=\"399\" data-end=\"804\">In Vietnam, mental health care services are available at psychiatric hospitals, through psychiatrists, psychologists, counselors, and community based support services. Professional support can help you better understand what you are experiencing, ease emotional distress, and find coping strategies during difficult periods. If you feel at risk of harming yourself, seeking urgent medical or mental health support is critically important and can help ensure your safety, provide timely care, and connect you with appropriate professional assistance when you need it most.<\/p><p data-start=\"399\" data-end=\"804\">or long term support, many people find that talking with well trained professionals through therapy, counseling, or support groups, either in person or online, can be highly beneficial. Having someone who truly listens and understands you can make a meaningful difference.<\/p><p data-start=\"399\" data-end=\"804\">Psychologist Vietnam is one of the available options for those seeking mental health support. This platform connects individuals with licensed psychologists and experienced professionals across Vietnam, offering both in person and online services to better meet different needs and circumstances.<\/p><p data-start=\"399\" data-end=\"804\"><span style=\"font-size: 16px;\">You can access more information and learn how to choose the right professional through the following link: <a style=\"color: #032a53; font-weight: 600;\" href=\"https:\/\/psychologistvietnam.com\" target=\"_blank\" rel=\"noopener noreferrer\">Psychologist Vietnam<\/a><\/span><\/p>\t\t\t\t\t\t\t\t<\/div>\n\t\t\t\t<\/div>\n\t\t\t\t<\/div>\n\t\t<div class=\"elementor-element elementor-element-99dc4d2 e-con-full e-flex e-con e-child\" data-id=\"99dc4d2\" data-element_type=\"container\">\n\t\t\t\t<div class=\"elementor-element elementor-element-44bd947 elementor-widget elementor-widget-image\" data-id=\"44bd947\" data-element_type=\"widget\" data-widget_type=\"image.default\">\n\t\t\t\t<div class=\"elementor-widget-container\">\n\t\t\t\t\t\t\t\t\t\t\t\t\t\t\t<img fetchpriority=\"high\" decoding=\"async\" width=\"1024\" height=\"683\" src=\"https:\/\/hyvongsong.com\/wp-content\/uploads\/2025\/12\/team-working-together-project-1024x683.jpg\" class=\"attachment-large size-large wp-image-7201\" alt=\"\" srcset=\"https:\/\/hyvongsong.com\/wp-content\/uploads\/2025\/12\/team-working-together-project-1024x683.jpg 1024w, https:\/\/hyvongsong.com\/wp-content\/uploads\/2025\/12\/team-working-together-project-300x200.jpg 300w, https:\/\/hyvongsong.com\/wp-content\/uploads\/2025\/12\/team-working-together-project-768x513.jpg 768w, https:\/\/hyvongsong.com\/wp-content\/uploads\/2025\/12\/team-working-together-project-1536x1025.jpg 1536w, https:\/\/hyvongsong.com\/wp-content\/uploads\/2025\/12\/team-working-together-project-2048x1367.jpg 2048w, https:\/\/hyvongsong.com\/wp-content\/uploads\/2025\/12\/team-working-together-project-18x12.jpg 18w, https:\/\/hyvongsong.com\/wp-content\/uploads\/2025\/12\/team-working-together-project-980x654.jpg 980w, https:\/\/hyvongsong.com\/wp-content\/uploads\/2025\/12\/team-working-together-project-560x374.jpg 560w\" sizes=\"(max-width: 1024px) 100vw, 1024px\" \/>\t\t\t\t\t\t\t\t\t\t\t\t\t\t\t<\/div>\n\t\t\t\t<\/div>\n\t\t<div class=\"elementor-element elementor-element-cdfad4e e-con-full e-flex e-con e-child\" data-id=\"cdfad4e\" data-element_type=\"container\" data-settings=\"{&quot;background_background&quot;:&quot;classic&quot;}\">\n\t\t\t\t<div class=\"elementor-element elementor-element-9b9711e elementor-widget-mobile__width-initial elementor-widget elementor-widget-heading\" data-id=\"9b9711e\" data-element_type=\"widget\" data-widget_type=\"heading.default\">\n\t\t\t\t<div class=\"elementor-widget-container\">\n\t\t\t\t\t<h2 class=\"elementor-heading-title elementor-size-default\">Mental health crisis hotline<\/h2>\t\t\t\t<\/div>\n\t\t\t\t<\/div>\n\t\t\t\t<div class=\"elementor-element elementor-element-ef8aed7 elementor-widget elementor-widget-heading\" data-id=\"ef8aed7\" data-element_type=\"widget\" data-widget_type=\"heading.default\">\n\t\t\t\t<div class=\"elementor-widget-container\">\n\t\t\t\t\t<h2 class=\"elementor-heading-title elementor-size-default\">086 50 444 00<\/h2>\t\t\t\t<\/div>\n\t\t\t\t<\/div>\n\t\t\t\t<\/div>\n\t\t\t\t<\/div>\n\t\t\t\t<\/div>\n\t\t\t\t<div class=\"elementor-element elementor-element-0ec0b84 emo-accodi elementor-widget elementor-widget-n-accordion\" data-id=\"0ec0b84\" data-element_type=\"widget\" data-settings=\"{&quot;default_state&quot;:&quot;all_collapsed&quot;,&quot;max_items_expended&quot;:&quot;one&quot;,&quot;n_accordion_animation_duration&quot;:{&quot;unit&quot;:&quot;ms&quot;,&quot;size&quot;:400,&quot;sizes&quot;:[]}}\" data-widget_type=\"nested-accordion.default\">\n\t\t\t\t<div class=\"elementor-widget-container\">\n\t\t\t\t\t\t\t<div class=\"e-n-accordion\" aria-label=\"Accordion. Open links with Enter or Space, close with Escape, and navigate with Arrow Keys\">\n\t\t\t\t\t\t<details id=\"e-n-accordion-item-1540\" class=\"e-n-accordion-item\" >\n\t\t\t\t<summary class=\"e-n-accordion-item-title\" data-accordion-index=\"1\" tabindex=\"0\" aria-expanded=\"false\" aria-controls=\"e-n-accordion-item-1540\" >\n\t\t\t\t\t<span class='e-n-accordion-item-title-header'><div class=\"e-n-accordion-item-title-text\"> Click here for the list of mental health hospitals in Vietnam <\/div><\/span>\n\t\t\t\t\t\t\t\t\t<\/summary>\n\t\t\t\t<div role=\"region\" aria-labelledby=\"e-n-accordion-item-1540\" class=\"elementor-element elementor-element-7a47fc0 e-con-full e-flex e-con e-child\" data-id=\"7a47fc0\" data-element_type=\"container\">\n\t\t\t\t<div class=\"elementor-element elementor-element-8664947 elementor-widget elementor-widget-text-editor\" data-id=\"8664947\" data-element_type=\"widget\" data-widget_type=\"text-editor.default\">\n\t\t\t\t<div class=\"elementor-widget-container\">\n\t\t\t\t\t\t\t\t\t<div class=\"mental-hospital-list\"><div class=\"hospital-item\"><div class=\"city-title\">1.Hanoi<\/div><div class=\"hospital-name\">Ha Noi Mental Hospital<\/div><ul><li><strong>Address:<\/strong> Ng\u00f5 467 Nguy\u1ec5n V\u0103n Linh, Ph\u01b0\u1eddng S\u00e0i \u0110\u1ed3ng, Qu\u1eadn Long Bi\u00ean, H\u00e0 N\u1ed9i<\/li><li><strong>Phone:<\/strong> 0967 301 616<\/li><li><strong>Website:<\/strong> benhvientamthanhanoi.com<\/li><\/ul><\/div><div class=\"hospital-item\"><div class=\"city-title\">2. Ho Chi Minh City<\/div><div class=\"hospital-name\">Ho Chi Minh Psychiatric Hospital<\/div><ul><li><strong>Address:<\/strong> 766 V\u00f5 V\u0103n Ki\u1ec7t, Ph\u01b0\u1eddng 1, Qu\u1eadn 5, TP H\u1ed3 Ch\u00ed Minh<\/li><li><strong>Phone:<\/strong> 028 9234 675 \/ 1900 9095<\/li><\/ul><\/div><div class=\"hospital-item\"><div class=\"city-title\">3. Da Nang<\/div><div class=\"hospital-name\">Da Nang Psychiatric Hospital<\/div><ul><li><strong>Address:<\/strong> 193 Nguy\u1ec5n L\u01b0\u01a1ng B\u1eb1ng, Ph\u01b0\u1eddng H\u00f2a Kh\u00e1nh B\u1eafc, Qu\u1eadn Li\u00ean Chi\u1ec3u, \u0110\u00e0 N\u1eb5ng<\/li><li><strong>Phone:<\/strong> 0235 384 2326<\/li><\/ul><\/div><div class=\"hospital-item\"><div class=\"city-title\">4. Hai Phong<\/div><div class=\"hospital-name\">Hai Phong Psychiatric Hospital<\/div><ul><li><strong>Address:<\/strong> Th\u00f4n Du L\u1ec5, X\u00e3 Ki\u1ebfn Qu\u1ed1c, Huy\u1ec7n Ki\u1ebfn Th\u1ee5y, H\u1ea3i Ph\u00f2ng<\/li><li><strong>Phone:<\/strong> 0225 3874 530<\/li><\/ul><\/div><div class=\"hospital-item\"><div class=\"city-title\">5. Quang Ninh<\/div><div class=\"hospital-name\">B\u1ec7nh Vi\u1ec7n B\u1ea3o v\u1ec7 S\u1ee9c kh\u1ecfe T\u00e2m th\u1ea7n Qu\u1ea3ng Ninh<\/div><ul><li><strong>Address:<\/strong> Ph\u01b0\u1eddng H\u00e0 Kh\u1ea9u, TP H\u1ea1 Long, Qu\u1ea3ng Ninh<\/li><li><strong>Phone:<\/strong> 0203 3828 154<\/li><\/ul><\/div><div class=\"hospital-item\"><div class=\"city-title\">6. Khanh Hoa<\/div><div class=\"hospital-name\">Khanh Hoa Psychiatric Hospital<\/div><ul><li><strong>Address:<\/strong> X\u00e3 Di\u00ean Ph\u01b0\u1edbc, Huy\u1ec7n Di\u00ean Kh\u00e1nh, Kh\u00e1nh H\u00f2a<\/li><li><strong>Phone:<\/strong> 0258 3749 999<\/li><\/ul><\/div><div class=\"hospital-item\"><div class=\"city-title\">7. Can Tho<\/div><div class=\"hospital-name\">Can Tho Psychiatric Hospital<\/div><ul><li><strong>Address:<\/strong> Ph\u01b0\u1eddng Long H\u00f2a, Qu\u1eadn B\u00ecnh Th\u1ee7y, C\u1ea7n Th\u01a1<\/li><li><strong>Phone:<\/strong> 0292 3886 101<\/li><\/ul><\/div><\/div>\t\t\t\t\t\t\t\t<\/div>\n\t\t\t\t<\/div>\n\t\t\t\t<\/div>\n\t\t\t\t\t<\/details>\n\t\t\t\t\t<\/div>\n\t\t\t\t\t\t<\/div>\n\t\t\t\t<\/div>\n\t\t\t\t<\/div>\n\t\t\t\t\t<\/div>\n\t\t\t\t<\/div>\n\t\t<div class=\"elementor-element elementor-element-326015e elementor-hidden-widescreen elementor-hidden-desktop elementor-hidden-tablet e-flex e-con-boxed e-con e-parent\" data-id=\"326015e\" data-element_type=\"container\" data-settings=\"{&quot;background_background&quot;:&quot;classic&quot;}\">\n\t\t\t\t\t<div class=\"e-con-inner\">\n\t\t<div class=\"elementor-element elementor-element-97fcc1d e-grid e-con-full e-con e-child\" data-id=\"97fcc1d\" data-element_type=\"container\">\n\t\t\t\t<div class=\"elementor-element elementor-element-7b0f4fb elementor-mobile-align-justify elementor-widget-mobile__width-inherit elementor-widget elementor-widget-button\" data-id=\"7b0f4fb\" data-element_type=\"widget\" data-widget_type=\"button.default\">\n\t\t\t\t<div class=\"elementor-widget-container\">\n\t\t\t\t\t\t\t\t\t<div class=\"elementor-button-wrapper\">\n\t\t\t\t\t<a class=\"elementor-button elementor-button-link elementor-size-sm\" href=\"https:\/\/hyvongsong.com\/en\/connect\/\">\n\t\t\t\t\t\t<span class=\"elementor-button-content-wrapper\">\n\t\t\t\t\t\t\t\t\t<span class=\"elementor-button-text\">Contact<\/span>\n\t\t\t\t\t<\/span>\n\t\t\t\t\t<\/a>\n\t\t\t\t<\/div>\n\t\t\t\t\t\t\t\t<\/div>\n\t\t\t\t<\/div>\n\t\t\t\t<div class=\"elementor-element elementor-element-6886bf0 elementor-mobile-align-justify elementor-widget-mobile__width-inherit elementor-widget elementor-widget-button\" data-id=\"6886bf0\" data-element_type=\"widget\" data-widget_type=\"button.default\">\n\t\t\t\t<div class=\"elementor-widget-container\">\n\t\t\t\t\t\t\t\t\t<div class=\"elementor-button-wrapper\">\n\t\t\t\t\t<a class=\"elementor-button elementor-button-link elementor-size-sm\" href=\"https:\/\/hyvongsong.com\/en\/career-opportunities\/\">\n\t\t\t\t\t\t<span class=\"elementor-button-content-wrapper\">\n\t\t\t\t\t\t\t\t\t<span class=\"elementor-button-text\">Job<\/span>\n\t\t\t\t\t<\/span>\n\t\t\t\t\t<\/a>\n\t\t\t\t<\/div>\n\t\t\t\t\t\t\t\t<\/div>\n\t\t\t\t<\/div>\n\t\t\t\t<\/div>\n\t\t\t\t\t<\/div>\n\t\t\t\t<\/div>\n\t\t<div class=\"elementor-element elementor-element-9de54c9 elementor-hidden-mobile e-flex e-con-boxed e-con e-parent\" data-id=\"9de54c9\" data-element_type=\"container\" data-settings=\"{&quot;background_background&quot;:&quot;classic&quot;}\">\n\t\t\t\t\t<div class=\"e-con-inner\">\n\t\t<div class=\"elementor-element elementor-element-4027915 e-con-full e-flex e-con e-child\" data-id=\"4027915\" data-element_type=\"container\">\n\t\t\t\t<\/div>\n\t\t<div class=\"elementor-element elementor-element-dc9eb20 e-con-full e-flex e-con e-child\" data-id=\"dc9eb20\" data-element_type=\"container\">\n\t\t<div class=\"elementor-element elementor-element-2ec54f6 e-con-full e-flex e-con e-child\" data-id=\"2ec54f6\" data-element_type=\"container\" data-settings=\"{&quot;background_background&quot;:&quot;classic&quot;}\">\n\t\t\t\t<div class=\"elementor-element elementor-element-92341ec elementor-widget elementor-widget-heading\" data-id=\"92341ec\" data-element_type=\"widget\" data-widget_type=\"heading.default\">\n\t\t\t\t<div class=\"elementor-widget-container\">\n\t\t\t\t\t<h2 class=\"elementor-heading-title elementor-size-default\"><a href=\"https:\/\/hyvongsong.com\/en\/connect\/\">Contact<\/a><\/h2>\t\t\t\t<\/div>\n\t\t\t\t<\/div>\n\t\t\t\t<\/div>\n\t\t\t\t<\/div>\n\t\t<div class=\"elementor-element elementor-element-a883e92 e-con-full e-flex e-con e-child\" data-id=\"a883e92\" data-element_type=\"container\">\n\t\t<div class=\"elementor-element elementor-element-ea2d4b7 e-con-full e-flex e-con e-child\" data-id=\"ea2d4b7\" data-element_type=\"container\" data-settings=\"{&quot;background_background&quot;:&quot;classic&quot;}\">\n\t\t\t\t<div class=\"elementor-element elementor-element-b385d1e elementor-widget elementor-widget-heading\" data-id=\"b385d1e\" data-element_type=\"widget\" data-widget_type=\"heading.default\">\n\t\t\t\t<div class=\"elementor-widget-container\">\n\t\t\t\t\t<h2 class=\"elementor-heading-title elementor-size-default\"><a href=\"https:\/\/hyvongsong.com\/en\/career-opportunities\/\">Job<\/a><\/h2>\t\t\t\t<\/div>\n\t\t\t\t<\/div>\n\t\t\t\t<\/div>\n\t\t\t\t<\/div>\n\t\t<div class=\"elementor-element elementor-element-c7e14af e-con-full e-flex e-con e-child\" data-id=\"c7e14af\" data-element_type=\"container\">\n\t\t\t\t<\/div>\n\t\t\t\t\t<\/div>\n\t\t\t\t<\/div>\n\t\t\t\t<\/div>","protected":false},"excerpt":{"rendered":"<p>H\u1ed7 tr\u1ee3 tinh th\u1ea7n H\u1ed7 tr\u1ee3 tinh th\u1ea7n Ch\u00fang t\u00f4i c\u00f3 th\u1ec3 gi\u00fap b\u1ea1n t\u00ecm m\u1ed9t chuy\u00ean gia s\u1ee9c kh\u1ecfe t\u00e2m th\u1ea7n N\u1ebfu b\u1ea1n \u0111ang&hellip;<\/p>","protected":false},"author":2,"featured_media":0,"parent":0,"menu_order":0,"comment_status":"closed","ping_status":"closed","template":"elementor_header_footer","meta":{"_acf_changed":false,"footnotes":""},"class_list":["post-2234","page","type-page","status-publish","hentry"],"acf":[],"_links":{"self":[{"href":"https:\/\/hyvongsong.com\/en\/wp-json\/wp\/v2\/pages\/2234","targetHints":{"allow":["GET"]}}],"collection":[{"href":"https:\/\/hyvongsong.com\/en\/wp-json\/wp\/v2\/pages"}],"about":[{"href":"https:\/\/hyvongsong.com\/en\/wp-json\/wp\/v2\/types\/page"}],"author":[{"embeddable":true,"href":"https:\/\/hyvongsong.com\/en\/wp-json\/wp\/v2\/users\/2"}],"replies":[{"embeddable":true,"href":"https:\/\/hyvongsong.com\/en\/wp-json\/wp\/v2\/comments?post=2234"}],"version-history":[{"count":211,"href":"https:\/\/hyvongsong.com\/en\/wp-json\/wp\/v2\/pages\/2234\/revisions"}],"predecessor-version":[{"id":11417,"href":"https:\/\/hyvongsong.com\/en\/wp-json\/wp\/v2\/pages\/2234\/revisions\/11417"}],"wp:attachment":[{"href":"https:\/\/hyvongsong.com\/en\/wp-json\/wp\/v2\/media?parent=2234"}],"curies":[{"name":"wp","href":"https:\/\/api.w.org\/{rel}","templated":true}]}}