{"id":2185,"date":"2024-10-26T04:48:01","date_gmt":"2024-10-26T04:48:01","guid":{"rendered":"https:\/\/hyvongsong.com\/?page_id=2185"},"modified":"2026-01-22T11:52:48","modified_gmt":"2026-01-22T04:52:48","slug":"family-support-services","status":"publish","type":"page","link":"https:\/\/hyvongsong.com\/en\/family-support-services\/","title":{"rendered":"Family Support Services"},"content":{"rendered":"<div data-elementor-type=\"wp-page\" data-elementor-id=\"2185\" class=\"elementor elementor-2185\" data-elementor-post-type=\"page\">\n\t\t\t\t<div class=\"elementor-element elementor-element-1482f10 e-con-full banner  e-flex e-con e-parent\" data-id=\"1482f10\" data-element_type=\"container\" data-settings=\"{&quot;background_background&quot;:&quot;classic&quot;}\">\n\t\t<div class=\"elementor-element elementor-element-bb9f838 e-con-full title e-flex e-con e-child\" data-id=\"bb9f838\" data-element_type=\"container\" data-settings=\"{&quot;background_background&quot;:&quot;classic&quot;}\">\n\t\t\t\t<div class=\"elementor-element elementor-element-0a93039 elementor-widget elementor-widget-heading\" data-id=\"0a93039\" data-element_type=\"widget\" data-widget_type=\"heading.default\">\n\t\t\t\t<div class=\"elementor-widget-container\">\n\t\t\t\t\t<h2 class=\"elementor-heading-title elementor-size-default\">How to help someone<\/h2>\t\t\t\t<\/div>\n\t\t\t\t<\/div>\n\t\t\t\t<\/div>\n\t\t\t\t<\/div>\n\t\t<div class=\"elementor-element elementor-element-cea5134 e-flex e-con-boxed e-con e-parent\" data-id=\"cea5134\" data-element_type=\"container\" data-settings=\"{&quot;background_background&quot;:&quot;classic&quot;}\">\n\t\t\t\t\t<div class=\"e-con-inner\">\n\t\t<div class=\"elementor-element elementor-element-1b33efd e-con-full e-flex e-con e-child\" data-id=\"1b33efd\" data-element_type=\"container\">\n\t\t\t\t<\/div>\n\t\t<div class=\"elementor-element elementor-element-15c0065 e-con-full e-flex e-con e-child\" data-id=\"15c0065\" data-element_type=\"container\">\n\t\t<div class=\"elementor-element elementor-element-f834028 e-con-full e-flex e-con e-child\" data-id=\"f834028\" data-element_type=\"container\" data-settings=\"{&quot;background_background&quot;:&quot;classic&quot;}\">\n\t\t\t\t<div class=\"elementor-element elementor-element-d900926 elementor-widget elementor-widget-heading\" data-id=\"d900926\" data-element_type=\"widget\" data-widget_type=\"heading.default\">\n\t\t\t\t<div class=\"elementor-widget-container\">\n\t\t\t\t\t<h2 class=\"elementor-heading-title elementor-size-default\">How to help someone<\/h2>\t\t\t\t<\/div>\n\t\t\t\t<\/div>\n\t\t\t\t<\/div>\n\t\t\t\t<\/div>\n\t\t<div class=\"elementor-element elementor-element-b15fcab e-con-full e-flex e-con e-child\" data-id=\"b15fcab\" data-element_type=\"container\">\n\t\t\t\t<\/div>\n\t\t\t\t\t<\/div>\n\t\t\t\t<\/div>\n\t\t<div class=\"elementor-element elementor-element-9f6711f e-flex e-con-boxed e-con e-parent\" data-id=\"9f6711f\" data-element_type=\"container\" data-settings=\"{&quot;background_background&quot;:&quot;classic&quot;}\">\n\t\t\t\t\t<div class=\"e-con-inner\">\n\t\t<div class=\"elementor-element elementor-element-99dc4d2 e-con-full e-flex e-con e-child\" data-id=\"99dc4d2\" data-element_type=\"container\">\n\t\t<div class=\"elementor-element elementor-element-89d3402 e-con-full e-flex e-con e-child\" data-id=\"89d3402\" data-element_type=\"container\">\n\t\t\t\t<div class=\"elementor-element elementor-element-44bd947 elementor-widget elementor-widget-image\" data-id=\"44bd947\" data-element_type=\"widget\" data-widget_type=\"image.default\">\n\t\t\t\t<div class=\"elementor-widget-container\">\n\t\t\t\t\t\t\t\t\t\t\t\t\t\t\t<img fetchpriority=\"high\" decoding=\"async\" width=\"1280\" height=\"841\" src=\"https:\/\/hyvongsong.com\/wp-content\/uploads\/2024\/12\/family-support-2.png\" class=\"attachment-full size-full wp-image-4196\" alt=\"\" srcset=\"https:\/\/hyvongsong.com\/wp-content\/uploads\/2024\/12\/family-support-2.png 1280w, https:\/\/hyvongsong.com\/wp-content\/uploads\/2024\/12\/family-support-2-300x197.png 300w, https:\/\/hyvongsong.com\/wp-content\/uploads\/2024\/12\/family-support-2-1024x673.png 1024w, https:\/\/hyvongsong.com\/wp-content\/uploads\/2024\/12\/family-support-2-768x505.png 768w, https:\/\/hyvongsong.com\/wp-content\/uploads\/2024\/12\/family-support-2-980x644.png 980w\" sizes=\"(max-width: 1280px) 100vw, 1280px\" \/>\t\t\t\t\t\t\t\t\t\t\t\t\t\t\t<\/div>\n\t\t\t\t<\/div>\n\t\t<div class=\"elementor-element elementor-element-4b7ba7a e-con-full e-flex e-con e-child\" data-id=\"4b7ba7a\" data-element_type=\"container\" data-settings=\"{&quot;background_background&quot;:&quot;classic&quot;}\">\n\t\t\t\t<div class=\"elementor-element elementor-element-bfc6c03 elementor-widget-mobile__width-initial elementor-widget elementor-widget-heading\" data-id=\"bfc6c03\" data-element_type=\"widget\" data-widget_type=\"heading.default\">\n\t\t\t\t<div class=\"elementor-widget-container\">\n\t\t\t\t\t<h2 class=\"elementor-heading-title elementor-size-default\">Mental health crisis hotline<\/h2>\t\t\t\t<\/div>\n\t\t\t\t<\/div>\n\t\t\t\t<div class=\"elementor-element elementor-element-a380dca elementor-widget elementor-widget-heading\" data-id=\"a380dca\" data-element_type=\"widget\" data-widget_type=\"heading.default\">\n\t\t\t\t<div class=\"elementor-widget-container\">\n\t\t\t\t\t<h2 class=\"elementor-heading-title elementor-size-default\">086 50 444 00<\/h2>\t\t\t\t<\/div>\n\t\t\t\t<\/div>\n\t\t\t\t<\/div>\n\t\t\t\t<\/div>\n\t\t<div class=\"elementor-element elementor-element-ba178f3 e-con-full e-flex e-con e-child\" data-id=\"ba178f3\" data-element_type=\"container\">\n\t\t\t\t<div class=\"elementor-element elementor-element-90c2697 elementor-widget elementor-widget-heading\" data-id=\"90c2697\" data-element_type=\"widget\" data-widget_type=\"heading.default\">\n\t\t\t\t<div class=\"elementor-widget-container\">\n\t\t\t\t\t<h2 class=\"elementor-heading-title elementor-size-default\">You Are Not Alone and Neither Are Your Loved Ones<\/h2>\t\t\t\t<\/div>\n\t\t\t\t<\/div>\n\t\t\t\t<div class=\"elementor-element elementor-element-b3c222f elementor-widget elementor-widget-text-editor\" data-id=\"b3c222f\" data-element_type=\"widget\" data-widget_type=\"text-editor.default\">\n\t\t\t\t<div class=\"elementor-widget-container\">\n\t\t\t\t\t\t\t\t\t<p>Sometimes, the most meaningful thing you can do is simply be there for someone you care about. Listen with empathy, show them that you are present, and remind them that their feelings are valid and that they matter to you.<\/p>\t\t\t\t\t\t\t\t<\/div>\n\t\t\t\t<\/div>\n\t\t\t\t<div class=\"elementor-element elementor-element-f07f73e elementor-widget elementor-widget-heading\" data-id=\"f07f73e\" data-element_type=\"widget\" data-widget_type=\"heading.default\">\n\t\t\t\t<div class=\"elementor-widget-container\">\n\t\t\t\t\t<h2 class=\"elementor-heading-title elementor-size-default\">Ways to Support Someone You Care About<\/h2>\t\t\t\t<\/div>\n\t\t\t\t<\/div>\n\t\t\t\t<div class=\"elementor-element elementor-element-5a3c53f elementor-widget elementor-widget-text-editor\" data-id=\"5a3c53f\" data-element_type=\"widget\" data-widget_type=\"text-editor.default\">\n\t\t\t\t<div class=\"elementor-widget-container\">\n\t\t\t\t\t\t\t\t\t<ul><li data-start=\"424\" data-end=\"474\"><p data-start=\"426\" data-end=\"474\">Share your feelings openly and honestly.<\/p><\/li><li data-start=\"475\" data-end=\"522\"><p data-start=\"477\" data-end=\"522\">Consider attending family counseling together.<\/p><\/li><li data-start=\"523\" data-end=\"579\"><p data-start=\"525\" data-end=\"579\">Create open spaces for healthy conversations.<\/p><\/li><li data-start=\"580\" data-end=\"645\"><p data-start=\"582\" data-end=\"645\">Set healthy boundaries to protect your wellbeing.<\/p><\/li><li data-start=\"646\" data-end=\"698\"><p data-start=\"648\" data-end=\"698\">Build stronger communication and connection skills.<\/p><\/li><\/ul><p data-start=\"700\" data-end=\"816\">If you are unsure where to begin, our website is here for you offering information, tools, and pathways to support.<\/p>\t\t\t\t\t\t\t\t<\/div>\n\t\t\t\t<\/div>\n\t\t\t\t<\/div>\n\t\t\t\t<\/div>\n\t\t<div class=\"elementor-element elementor-element-84f8661 e-con-full e-flex e-con e-child\" data-id=\"84f8661\" data-element_type=\"container\">\n\t\t<div class=\"elementor-element elementor-element-ee9fefa e-con-full e-flex e-con e-child\" data-id=\"ee9fefa\" data-element_type=\"container\">\n\t\t\t\t<div class=\"elementor-element elementor-element-bcd2e17 elementor-widget elementor-widget-heading\" data-id=\"bcd2e17\" data-element_type=\"widget\" data-widget_type=\"heading.default\">\n\t\t\t\t<div class=\"elementor-widget-container\">\n\t\t\t\t\t<h2 class=\"elementor-heading-title elementor-size-default\">When You Are Worried About Someone<\/h2>\t\t\t\t<\/div>\n\t\t\t\t<\/div>\n\t\t\t\t<div class=\"elementor-element elementor-element-7c590b3 elementor-widget elementor-widget-text-editor\" data-id=\"7c590b3\" data-element_type=\"widget\" data-widget_type=\"text-editor.default\">\n\t\t\t\t<div class=\"elementor-widget-container\">\n\t\t\t\t\t\t\t\t\t<ul>\n \t<li data-start=\"858\" data-end=\"912\">\n<p data-start=\"860\" data-end=\"912\">Talk privately and listen deeply.<\/p>\n<\/li>\n \t<li data-start=\"913\" data-end=\"970\">\n<p data-start=\"915\" data-end=\"970\">Gently ask whether they may be thinking about suicide.<\/p>\n<\/li>\n \t<li data-start=\"971\" data-end=\"1025\">\n<p data-start=\"973\" data-end=\"1025\">Encourage them to seek professional help.<\/p>\n<\/li>\n \t<li data-start=\"1026\" data-end=\"1075\">\n<p data-start=\"1028\" data-end=\"1075\">Avoid dismissing or minimizing their emotions.<\/p>\n<\/li>\n \t<li data-start=\"1076\" data-end=\"1123\">\n<p data-start=\"1078\" data-end=\"1123\">Take initiative don\u2019t wait for them to reach out.<\/p>\n<\/li>\n \t<li data-start=\"1076\" data-end=\"1123\"><a style=\"color: #000080;\" href=\"https:\/\/hyvongsong.com\/en\/product\/bang-cham-soc-cam-xuc\/\" target=\"_blank\" rel=\"noopener\">Make a Care Chart<\/a><\/li>\n<\/ul>\nYou can find guidance and direct support connections on our website.\t\t\t\t\t\t\t\t<\/div>\n\t\t\t\t<\/div>\n\t\t<div class=\"elementor-element elementor-element-3d72020 e-con-full e-flex e-con e-child\" data-id=\"3d72020\" data-element_type=\"container\">\n\t\t<div class=\"elementor-element elementor-element-ff62f6a e-con-full e-flex e-con e-child\" data-id=\"ff62f6a\" data-element_type=\"container\">\n\t\t\t\t<div class=\"elementor-element elementor-element-6059f99 elementor-widget elementor-widget-image\" data-id=\"6059f99\" data-element_type=\"widget\" data-widget_type=\"image.default\">\n\t\t\t\t<div class=\"elementor-widget-container\">\n\t\t\t\t\t\t\t\t\t\t\t\t\t\t\t<img decoding=\"async\" width=\"1024\" height=\"684\" src=\"https:\/\/hyvongsong.com\/wp-content\/uploads\/2025\/12\/people-sitting-bench-hugging-1024x684.jpg\" class=\"attachment-large size-large wp-image-5483\" alt=\"\" srcset=\"https:\/\/hyvongsong.com\/wp-content\/uploads\/2025\/12\/people-sitting-bench-hugging-1024x684.jpg 1024w, https:\/\/hyvongsong.com\/wp-content\/uploads\/2025\/12\/people-sitting-bench-hugging-300x200.jpg 300w, https:\/\/hyvongsong.com\/wp-content\/uploads\/2025\/12\/people-sitting-bench-hugging-768x513.jpg 768w, https:\/\/hyvongsong.com\/wp-content\/uploads\/2025\/12\/people-sitting-bench-hugging-1536x1025.jpg 1536w, https:\/\/hyvongsong.com\/wp-content\/uploads\/2025\/12\/people-sitting-bench-hugging-2048x1367.jpg 2048w, https:\/\/hyvongsong.com\/wp-content\/uploads\/2025\/12\/people-sitting-bench-hugging-18x12.jpg 18w, https:\/\/hyvongsong.com\/wp-content\/uploads\/2025\/12\/people-sitting-bench-hugging-980x654.jpg 980w\" sizes=\"(max-width: 1024px) 100vw, 1024px\" \/>\t\t\t\t\t\t\t\t\t\t\t\t\t\t\t<\/div>\n\t\t\t\t<\/div>\n\t\t\t\t<div class=\"elementor-element elementor-element-c34385c elementor-widget elementor-widget-text-editor\" data-id=\"c34385c\" data-element_type=\"widget\" data-widget_type=\"text-editor.default\">\n\t\t\t\t<div class=\"elementor-widget-container\">\n\t\t\t\t\t\t\t\t\t<p>Being present and offering timely support can make a meaningful difference<\/p>\t\t\t\t\t\t\t\t<\/div>\n\t\t\t\t<\/div>\n\t\t\t\t<\/div>\n\t\t<div class=\"elementor-element elementor-element-1bc0061 e-con-full e-flex e-con e-child\" data-id=\"1bc0061\" data-element_type=\"container\">\n\t\t\t\t<div class=\"elementor-element elementor-element-46f8f48 elementor-widget elementor-widget-heading\" data-id=\"46f8f48\" data-element_type=\"widget\" data-widget_type=\"heading.default\">\n\t\t\t\t<div class=\"elementor-widget-container\">\n\t\t\t\t\t<h2 class=\"elementor-heading-title elementor-size-default\">If Someone Has Thoughts of Suicide<\/h2>\t\t\t\t<\/div>\n\t\t\t\t<\/div>\n\t\t\t\t<div class=\"elementor-element elementor-element-5d6a5b5 elementor-widget elementor-widget-text-editor\" data-id=\"5d6a5b5\" data-element_type=\"widget\" data-widget_type=\"text-editor.default\">\n\t\t\t\t<div class=\"elementor-widget-container\">\n\t\t\t\t\t\t\t\t\t<ul><li data-start=\"1256\" data-end=\"1269\"><p data-start=\"1258\" data-end=\"1269\">Stay close to them.<\/p><\/li><li data-start=\"1270\" data-end=\"1331\"><p data-start=\"1272\" data-end=\"1331\">Remove access to potentially dangerous items.<\/p><\/li><li data-start=\"1332\" data-end=\"1372\"><p data-start=\"1334\" data-end=\"1372\">Reassure them that their pain is temporary.<\/p><\/li><li data-start=\"1373\" data-end=\"1444\"><p data-start=\"1375\" data-end=\"1444\">Call <strong data-start=\"1379\" data-end=\"1401\"><span style=\"color: #000080;\" data-start=\"1379\" data-end=\"1401\">086 50 444 00<\/span><\/strong> for immediate crisis support.<\/p><\/li><li data-start=\"1445\" data-end=\"1530\"><p data-start=\"1447\" data-end=\"1530\">Follow up after the crisis has passed to check on their wellbeing.<\/p><\/li><\/ul>\t\t\t\t\t\t\t\t<\/div>\n\t\t\t\t<\/div>\n\t\t\t\t<div class=\"elementor-element elementor-element-5e60c3b elementor-widget elementor-widget-heading\" data-id=\"5e60c3b\" data-element_type=\"widget\" data-widget_type=\"heading.default\">\n\t\t\t\t<div class=\"elementor-widget-container\">\n\t\t\t\t\t<h2 class=\"elementor-heading-title elementor-size-default\"><a href=\"#elementor-action%3Aaction%3Dpopup%3Aopen%26settings%3DeyJpZCI6IjEyMTI1IiwidG9nZ2xlIjp0cnVlfQ%3D%3D\" rel=\"nofollow\">Click here for the list of mental health hospitals in Vietnam<\/a><\/h2>\t\t\t\t<\/div>\n\t\t\t\t<\/div>\n\t\t\t\t<\/div>\n\t\t\t\t<\/div>\n\t\t<div class=\"elementor-element elementor-element-4bf55d3 e-con-full e-flex e-con e-child\" data-id=\"4bf55d3\" data-element_type=\"container\">\n\t\t\t\t<div class=\"elementor-element elementor-element-885ef69 elementor-widget elementor-widget-heading\" data-id=\"885ef69\" data-element_type=\"widget\" data-widget_type=\"heading.default\">\n\t\t\t\t<div class=\"elementor-widget-container\">\n\t\t\t\t\t<h2 class=\"elementor-heading-title elementor-size-default\">If You Are the One Struggling<\/h2>\t\t\t\t<\/div>\n\t\t\t\t<\/div>\n\t\t\t\t<div class=\"elementor-element elementor-element-9fda0f0 elementor-widget elementor-widget-text-editor\" data-id=\"9fda0f0\" data-element_type=\"widget\" data-widget_type=\"text-editor.default\">\n\t\t\t\t<div class=\"elementor-widget-container\">\n\t\t\t\t\t\t\t\t\t<p>Please do not stay silent. Reach out to a professional, call a crisis helpline, or connect through <strong><span style=\"color: #000080;\"><a class=\"decorated-link\" style=\"color: #000080;\" title=\"Psychologist Vietnam&#039;s Therapist\" href=\"https:\/\/psychologistvietnam.com\/vi\/nha-tam-ly-hoc\/\" target=\"_blank\" rel=\"nofollow noopener\" data-start=\"1741\" data-end=\"1845\">Psychologist Vietnam&#8217;s Therapists<\/a><\/span><\/strong><\/p>\t\t\t\t\t\t\t\t<\/div>\n\t\t\t\t<\/div>\n\t\t\t\t<\/div>\n\t\t\t\t<\/div>\n\t\t\t\t<\/div>\n\t\t\t\t\t<\/div>\n\t\t\t\t<\/div>\n\t\t<div class=\"elementor-element elementor-element-c8479e5 elementor-hidden-widescreen elementor-hidden-desktop elementor-hidden-tablet e-flex e-con-boxed e-con e-parent\" data-id=\"c8479e5\" data-element_type=\"container\" data-settings=\"{&quot;background_background&quot;:&quot;classic&quot;}\">\n\t\t\t\t\t<div class=\"e-con-inner\">\n\t\t<div class=\"elementor-element elementor-element-9da4fe5 e-grid e-con-full e-con e-child\" data-id=\"9da4fe5\" data-element_type=\"container\">\n\t\t\t\t<div class=\"elementor-element elementor-element-0b7fe8b elementor-mobile-align-justify elementor-widget-mobile__width-inherit elementor-widget elementor-widget-button\" data-id=\"0b7fe8b\" data-element_type=\"widget\" data-widget_type=\"button.default\">\n\t\t\t\t<div class=\"elementor-widget-container\">\n\t\t\t\t\t\t\t\t\t<div class=\"elementor-button-wrapper\">\n\t\t\t\t\t<a class=\"elementor-button elementor-button-link elementor-size-sm\" href=\"https:\/\/hyvongsong.com\/en\/connect\/\">\n\t\t\t\t\t\t<span class=\"elementor-button-content-wrapper\">\n\t\t\t\t\t\t\t\t\t<span class=\"elementor-button-text\">Contact<\/span>\n\t\t\t\t\t<\/span>\n\t\t\t\t\t<\/a>\n\t\t\t\t<\/div>\n\t\t\t\t\t\t\t\t<\/div>\n\t\t\t\t<\/div>\n\t\t\t\t<div class=\"elementor-element elementor-element-3d9c095 elementor-mobile-align-justify elementor-widget-mobile__width-inherit elementor-widget elementor-widget-button\" data-id=\"3d9c095\" data-element_type=\"widget\" data-widget_type=\"button.default\">\n\t\t\t\t<div class=\"elementor-widget-container\">\n\t\t\t\t\t\t\t\t\t<div class=\"elementor-button-wrapper\">\n\t\t\t\t\t<a class=\"elementor-button elementor-button-link elementor-size-sm\" href=\"https:\/\/hyvongsong.com\/en\/career-opportunities\/\">\n\t\t\t\t\t\t<span class=\"elementor-button-content-wrapper\">\n\t\t\t\t\t\t\t\t\t<span class=\"elementor-button-text\">Job<\/span>\n\t\t\t\t\t<\/span>\n\t\t\t\t\t<\/a>\n\t\t\t\t<\/div>\n\t\t\t\t\t\t\t\t<\/div>\n\t\t\t\t<\/div>\n\t\t\t\t<\/div>\n\t\t\t\t\t<\/div>\n\t\t\t\t<\/div>\n\t\t<div class=\"elementor-element elementor-element-9de54c9 elementor-hidden-mobile e-flex e-con-boxed e-con e-parent\" data-id=\"9de54c9\" data-element_type=\"container\" data-settings=\"{&quot;background_background&quot;:&quot;classic&quot;}\">\n\t\t\t\t\t<div class=\"e-con-inner\">\n\t\t<div class=\"elementor-element elementor-element-4027915 e-con-full e-flex e-con e-child\" data-id=\"4027915\" data-element_type=\"container\">\n\t\t\t\t<\/div>\n\t\t<div class=\"elementor-element elementor-element-dc9eb20 e-con-full e-flex e-con e-child\" data-id=\"dc9eb20\" data-element_type=\"container\">\n\t\t<div class=\"elementor-element elementor-element-2ec54f6 e-con-full e-flex e-con e-child\" data-id=\"2ec54f6\" data-element_type=\"container\" data-settings=\"{&quot;background_background&quot;:&quot;classic&quot;}\">\n\t\t\t\t<div class=\"elementor-element elementor-element-92341ec elementor-widget elementor-widget-heading\" data-id=\"92341ec\" data-element_type=\"widget\" data-widget_type=\"heading.default\">\n\t\t\t\t<div class=\"elementor-widget-container\">\n\t\t\t\t\t<h2 class=\"elementor-heading-title elementor-size-default\"><a href=\"https:\/\/hyvongsong.com\/en\/connect\/\">Contact<\/a><\/h2>\t\t\t\t<\/div>\n\t\t\t\t<\/div>\n\t\t\t\t<\/div>\n\t\t\t\t<\/div>\n\t\t<div class=\"elementor-element elementor-element-a883e92 e-con-full e-flex e-con e-child\" data-id=\"a883e92\" data-element_type=\"container\">\n\t\t<div class=\"elementor-element elementor-element-ea2d4b7 e-con-full e-flex e-con e-child\" data-id=\"ea2d4b7\" data-element_type=\"container\" data-settings=\"{&quot;background_background&quot;:&quot;classic&quot;}\">\n\t\t\t\t<div class=\"elementor-element elementor-element-b385d1e elementor-widget elementor-widget-heading\" data-id=\"b385d1e\" data-element_type=\"widget\" data-widget_type=\"heading.default\">\n\t\t\t\t<div class=\"elementor-widget-container\">\n\t\t\t\t\t<h2 class=\"elementor-heading-title elementor-size-default\"><a href=\"https:\/\/hyvongsong.com\/en\/career-opportunities\/\">Job<\/a><\/h2>\t\t\t\t<\/div>\n\t\t\t\t<\/div>\n\t\t\t\t<\/div>\n\t\t\t\t<\/div>\n\t\t<div class=\"elementor-element elementor-element-c7e14af e-con-full e-flex e-con e-child\" data-id=\"c7e14af\" data-element_type=\"container\">\n\t\t\t\t<\/div>\n\t\t\t\t\t<\/div>\n\t\t\t\t<\/div>\n\t\t\t\t<\/div>","protected":false},"excerpt":{"rendered":"<p>H\u1ed7 tr\u1ee3 gia \u0111\u00ecnh H\u1ed7 tr\u1ee3 gia \u0111\u00ecnh Hotline kh\u1ee7ng ho\u1ea3ng s\u1ee9c kh\u1ecfe t\u00e2m th\u1ea7n 086 50 444 00 B\u1ea1n kh\u00f4ng c\u00f4 \u0111\u01a1n v\u00e0 ng\u01b0\u1eddi&hellip;<\/p>","protected":false},"author":2,"featured_media":0,"parent":0,"menu_order":0,"comment_status":"closed","ping_status":"closed","template":"elementor_header_footer","meta":{"_acf_changed":false,"footnotes":""},"class_list":["post-2185","page","type-page","status-publish","hentry"],"acf":[],"_links":{"self":[{"href":"https:\/\/hyvongsong.com\/en\/wp-json\/wp\/v2\/pages\/2185","targetHints":{"allow":["GET"]}}],"collection":[{"href":"https:\/\/hyvongsong.com\/en\/wp-json\/wp\/v2\/pages"}],"about":[{"href":"https:\/\/hyvongsong.com\/en\/wp-json\/wp\/v2\/types\/page"}],"author":[{"embeddable":true,"href":"https:\/\/hyvongsong.com\/en\/wp-json\/wp\/v2\/users\/2"}],"replies":[{"embeddable":true,"href":"https:\/\/hyvongsong.com\/en\/wp-json\/wp\/v2\/comments?post=2185"}],"version-history":[{"count":163,"href":"https:\/\/hyvongsong.com\/en\/wp-json\/wp\/v2\/pages\/2185\/revisions"}],"predecessor-version":[{"id":12159,"href":"https:\/\/hyvongsong.com\/en\/wp-json\/wp\/v2\/pages\/2185\/revisions\/12159"}],"wp:attachment":[{"href":"https:\/\/hyvongsong.com\/en\/wp-json\/wp\/v2\/media?parent=2185"}],"curies":[{"name":"wp","href":"https:\/\/api.w.org\/{rel}","templated":true}]}}