{"id":1981,"date":"2024-10-23T05:53:41","date_gmt":"2024-10-23T05:53:41","guid":{"rendered":"https:\/\/hyvongsong.com\/?page_id=1981"},"modified":"2025-06-23T07:50:30","modified_gmt":"2025-06-23T07:50:30","slug":"benefits","status":"publish","type":"page","link":"https:\/\/hyvongsong.com\/en\/benefits\/","title":{"rendered":"Benefits"},"content":{"rendered":"<div data-elementor-type=\"wp-page\" data-elementor-id=\"1981\" class=\"elementor elementor-1981\" data-elementor-post-type=\"page\">\n\t\t\t\t<div class=\"elementor-element elementor-element-6d45cf55 e-con-full e-flex e-con e-parent\" data-id=\"6d45cf55\" data-element_type=\"container\" data-settings=\"{&quot;background_background&quot;:&quot;classic&quot;}\">\n\t\t<div class=\"elementor-element elementor-element-37b23049 e-con-full e-flex e-con e-child\" data-id=\"37b23049\" data-element_type=\"container\" data-settings=\"{&quot;background_background&quot;:&quot;classic&quot;}\">\n\t\t\t\t<div class=\"elementor-element elementor-element-5b23dc19 elementor-widget elementor-widget-heading\" data-id=\"5b23dc19\" data-element_type=\"widget\" data-widget_type=\"heading.default\">\n\t\t\t\t<div class=\"elementor-widget-container\">\n\t\t\t\t\t<h2 class=\"elementor-heading-title elementor-size-default\">Nh\u1eefng l\u1ee3i \u00edch<\/h2>\t\t\t\t<\/div>\n\t\t\t\t<\/div>\n\t\t\t\t<\/div>\n\t\t\t\t<\/div>\n\t\t<div class=\"elementor-element elementor-element-3cb2a04f e-con-full e-flex e-con e-parent\" data-id=\"3cb2a04f\" data-element_type=\"container\" data-settings=\"{&quot;background_background&quot;:&quot;classic&quot;}\">\n\t\t\t\t<div class=\"elementor-element elementor-element-580e7c31 elementor-widget elementor-widget-heading\" data-id=\"580e7c31\" data-element_type=\"widget\" data-widget_type=\"heading.default\">\n\t\t\t\t<div class=\"elementor-widget-container\">\n\t\t\t\t\t<h2 class=\"elementor-heading-title elementor-size-default\">C\u00e1ch HOPE gi\u00fap \u0111\u1ee1 b\u1ea1n<\/h2>\t\t\t\t<\/div>\n\t\t\t\t<\/div>\n\t\t\t\t<\/div>\n\t\t<div class=\"elementor-element elementor-element-61b7e6e8 e-flex e-con-boxed e-con e-parent\" data-id=\"61b7e6e8\" data-element_type=\"container\" data-settings=\"{&quot;background_background&quot;:&quot;classic&quot;}\">\n\t\t\t\t\t<div class=\"e-con-inner\">\n\t\t<div class=\"elementor-element elementor-element-167e0a52 e-con-full e-flex e-con e-child\" data-id=\"167e0a52\" data-element_type=\"container\">\n\t\t\t\t<div class=\"elementor-element elementor-element-6deb0352 elementor-widget elementor-widget-heading\" data-id=\"6deb0352\" data-element_type=\"widget\" data-widget_type=\"heading.default\">\n\t\t\t\t<div class=\"elementor-widget-container\">\n\t\t\t\t\t<h2 class=\"elementor-heading-title elementor-size-default\">Trao s\u1ee9c m\u1ea1nh \u0111\u1ec3 b\u1ea1n v\u01b0\u01a1n l\u00ean<\/h2>\t\t\t\t<\/div>\n\t\t\t\t<\/div>\n\t\t\t\t<div class=\"elementor-element elementor-element-18370072 elementor-widget elementor-widget-text-editor\" data-id=\"18370072\" data-element_type=\"widget\" data-widget_type=\"text-editor.default\">\n\t\t\t\t<div class=\"elementor-widget-container\">\n\t\t\t\t\t\t\t\t\t<p data-start=\"125\" data-end=\"268\">T\u1ea1i HOPE, ch\u00fang t\u00f4i hi\u1ec3u r\u1eb1ng m\u1ed9t ch\u1ebf \u0111\u1ed9 ph\u00fac l\u1ee3i to\u00e0n di\u1ec7n l\u00e0 y\u1ebfu t\u1ed1 thi\u1ebft y\u1ebfu \u0111\u1ec3 \u0111\u1ea3m b\u1ea3o s\u1ee9c kh\u1ecfe v\u00e0 h\u1ea1nh ph\u00fac cho b\u1ea1n v\u00e0 gia \u0111\u00ecnh. Cam k\u1ebft c\u1ee7a ch\u00fang t\u00f4i \u0111\u1ed1i v\u1edbi s\u1ee9c kh\u1ecfe v\u00e0 s\u1ef1 h\u00e0i l\u00f2ng c\u1ee7a nh\u00e2n vi\u00ean ch\u00ednh l\u00e0 n\u1ec1n t\u1ea3ng cho th\u00e0nh c\u00f4ng c\u1ee7a t\u1ed5 ch\u1ee9c.<br data-start=\"382\" data-end=\"385\" \/>Ch\u00fang t\u00f4i lu\u00f4n n\u1ed7 l\u1ef1c tr\u1edf th\u00e0nh m\u1ed9t n\u01a1i l\u00e0m vi\u1ec7c l\u00fd t\u01b0\u1edfng \u2014 n\u01a1i kh\u00f4ng ch\u1ec9 t\u1ea1o ra t\u00e1c \u0111\u1ed9ng t\u00edch c\u1ef1c cho c\u1ed9ng \u0111\u1ed3ng m\u00e0 c\u00f2n n\u00e2ng cao ch\u1ea5t l\u01b0\u1ee3ng cu\u1ed9c s\u1ed1ng cho t\u1eebng th\u00e0nh vi\u00ean trong \u0111\u1ed9i ng\u0169.<\/p>\t\t\t\t\t\t\t\t<\/div>\n\t\t\t\t<\/div>\n\t\t\t\t<div class=\"elementor-element elementor-element-2def557 elementor-widget elementor-widget-heading\" data-id=\"2def557\" data-element_type=\"widget\" data-widget_type=\"heading.default\">\n\t\t\t\t<div class=\"elementor-widget-container\">\n\t\t\t\t\t<h2 class=\"elementor-heading-title elementor-size-default\">Ph\u00fac l\u1ee3i danh cho b\u1ea1n t\u1ea1i HOPE<\/h2>\t\t\t\t<\/div>\n\t\t\t\t<\/div>\n\t\t\t\t<div class=\"elementor-element elementor-element-5ff7805 elementor-widget elementor-widget-text-editor\" data-id=\"5ff7805\" data-element_type=\"widget\" data-widget_type=\"text-editor.default\">\n\t\t\t\t<div class=\"elementor-widget-container\">\n\t\t\t\t\t\t\t\t\t<ul><li data-start=\"174\" data-end=\"255\"><strong data-start=\"174\" data-end=\"202\">B\u1ea3o hi\u1ec3m y t\u1ebf v\u00e0 th\u1ecb l\u1ef1c<\/strong><br data-start=\"202\" data-end=\"205\" \/>Bao g\u1ed3m c\u1ea3 g\u00f3i b\u1ea3o hi\u1ec3m cho th\u00e0nh vi\u00ean gia \u0111\u00ecnh.<\/li><li data-start=\"259\" data-end=\"280\"><strong data-start=\"259\" data-end=\"280\">B\u1ea3o hi\u1ec3m nh\u00e2n th\u1ecd<\/strong><\/li><li data-start=\"284\" data-end=\"402\"><strong data-start=\"284\" data-end=\"322\">T\u00e0i kho\u1ea3n chi ti\u00eau linh ho\u1ea1t (FSA)<\/strong><br data-start=\"322\" data-end=\"325\" \/>Gi\u00fap b\u1ea1n ti\u1ebft ki\u1ec7m chi ph\u00ed ch\u0103m s\u00f3c s\u1ee9c kh\u1ecfe v\u00e0 c\u00e1c nhu c\u1ea7u c\u1ea7n thi\u1ebft kh\u00e1c.<\/li><li data-start=\"406\" data-end=\"424\"><strong data-start=\"406\" data-end=\"424\">Ch\u1ebf \u0111\u1ed9 h\u01b0u tr\u00ed<\/strong><\/li><li data-start=\"428\" data-end=\"476\"><strong data-start=\"428\" data-end=\"476\">Ng\u00e0y ngh\u1ec9 c\u00f3 l\u01b0\u01a1ng (PTO) v\u00e0 c\u00e1c ng\u00e0y ngh\u1ec9 l\u1ec5<\/strong><\/li><\/ul><p data-start=\"483\" data-end=\"574\">T\u1ea1i HOPE, s\u1ee9c kh\u1ecfe v\u00e0 s\u1ef1 ph\u00e1t tri\u1ec3n to\u00e0n di\u1ec7n c\u1ee7a b\u1ea1n lu\u00f4n \u0111\u01b0\u1ee3c \u0111\u1eb7t l\u00ean h\u00e0ng \u0111\u1ea7u. Ch\u00fang t\u00f4i lu\u00f4n \u0111\u1ed3ng h\u00e0nh c\u00f9ng b\u1ea1n tr\u00ean h\u00e0nh tr\u00ecnh ph\u00e1t tri\u1ec3n c\u1ea3 v\u1ec1 c\u00e1 nh\u00e2n l\u1eabn s\u1ef1 nghi\u1ec7p.<\/p>\t\t\t\t\t\t\t\t<\/div>\n\t\t\t\t<\/div>\n\t\t\t\t<\/div>\n\t\t<div class=\"elementor-element elementor-element-ec939df e-con-full e-flex e-con e-child\" data-id=\"ec939df\" data-element_type=\"container\">\n\t\t\t\t<div class=\"elementor-element elementor-element-4029f8e elementor-widget elementor-widget-image\" data-id=\"4029f8e\" data-element_type=\"widget\" data-widget_type=\"image.default\">\n\t\t\t\t<div class=\"elementor-widget-container\">\n\t\t\t\t\t\t\t\t\t\t\t\t\t\t\t<img fetchpriority=\"high\" decoding=\"async\" width=\"626\" height=\"351\" src=\"https:\/\/hyvongsong.com\/wp-content\/uploads\/2024\/11\/benefits.jpg\" class=\"attachment-large size-large wp-image-3831\" alt=\"\" srcset=\"https:\/\/hyvongsong.com\/wp-content\/uploads\/2024\/11\/benefits.jpg 626w, https:\/\/hyvongsong.com\/wp-content\/uploads\/2024\/11\/benefits-300x168.jpg 300w\" sizes=\"(max-width: 626px) 100vw, 626px\" \/>\t\t\t\t\t\t\t\t\t\t\t\t\t\t\t<\/div>\n\t\t\t\t<\/div>\n\t\t\t\t<\/div>\n\t\t\t\t\t<\/div>\n\t\t\t\t<\/div>\n\t\t<div class=\"elementor-element elementor-element-5dd2abb elementor-hidden-widescreen elementor-hidden-desktop elementor-hidden-tablet e-flex e-con-boxed e-con e-parent\" data-id=\"5dd2abb\" data-element_type=\"container\" data-settings=\"{&quot;background_background&quot;:&quot;classic&quot;}\">\n\t\t\t\t\t<div class=\"e-con-inner\">\n\t\t<div class=\"elementor-element elementor-element-dc7c255 e-grid e-con-full e-con e-child\" data-id=\"dc7c255\" data-element_type=\"container\">\n\t\t\t\t<div class=\"elementor-element elementor-element-dad602b elementor-mobile-align-justify elementor-widget-mobile__width-inherit elementor-widget elementor-widget-button\" data-id=\"dad602b\" data-element_type=\"widget\" data-widget_type=\"button.default\">\n\t\t\t\t<div class=\"elementor-widget-container\">\n\t\t\t\t\t\t\t\t\t<div class=\"elementor-button-wrapper\">\n\t\t\t\t\t<a class=\"elementor-button elementor-button-link elementor-size-sm\" href=\"https:\/\/hyvongsong.com\/en\/connect\/\">\n\t\t\t\t\t\t<span class=\"elementor-button-content-wrapper\">\n\t\t\t\t\t\t\t\t\t<span class=\"elementor-button-text\">CONTACT<\/span>\n\t\t\t\t\t<\/span>\n\t\t\t\t\t<\/a>\n\t\t\t\t<\/div>\n\t\t\t\t\t\t\t\t<\/div>\n\t\t\t\t<\/div>\n\t\t\t\t<div class=\"elementor-element elementor-element-e7b2d9c elementor-mobile-align-justify elementor-widget-mobile__width-inherit elementor-widget elementor-widget-button\" data-id=\"e7b2d9c\" data-element_type=\"widget\" data-widget_type=\"button.default\">\n\t\t\t\t<div class=\"elementor-widget-container\">\n\t\t\t\t\t\t\t\t\t<div class=\"elementor-button-wrapper\">\n\t\t\t\t\t<a class=\"elementor-button elementor-button-link elementor-size-sm\" href=\"https:\/\/hyvongsong.com\/en\/careers\/\">\n\t\t\t\t\t\t<span class=\"elementor-button-content-wrapper\">\n\t\t\t\t\t\t\t\t\t<span class=\"elementor-button-text\">CAREERS<\/span>\n\t\t\t\t\t<\/span>\n\t\t\t\t\t<\/a>\n\t\t\t\t<\/div>\n\t\t\t\t\t\t\t\t<\/div>\n\t\t\t\t<\/div>\n\t\t\t\t<\/div>\n\t\t\t\t\t<\/div>\n\t\t\t\t<\/div>\n\t\t<div class=\"elementor-element elementor-element-38919b79 elementor-hidden-mobile e-flex e-con-boxed e-con e-parent\" data-id=\"38919b79\" data-element_type=\"container\" data-settings=\"{&quot;background_background&quot;:&quot;classic&quot;}\">\n\t\t\t\t\t<div class=\"e-con-inner\">\n\t\t<div class=\"elementor-element elementor-element-123701d8 e-con-full e-flex e-con e-child\" data-id=\"123701d8\" data-element_type=\"container\">\n\t\t\t\t<\/div>\n\t\t<div class=\"elementor-element elementor-element-6cb15531 e-con-full e-flex e-con e-child\" data-id=\"6cb15531\" data-element_type=\"container\">\n\t\t<div class=\"elementor-element elementor-element-41024707 e-con-full e-flex e-con e-child\" data-id=\"41024707\" data-element_type=\"container\" data-settings=\"{&quot;background_background&quot;:&quot;classic&quot;}\">\n\t\t\t\t<div class=\"elementor-element elementor-element-d30aed0 elementor-widget elementor-widget-heading\" data-id=\"d30aed0\" data-element_type=\"widget\" data-widget_type=\"heading.default\">\n\t\t\t\t<div class=\"elementor-widget-container\">\n\t\t\t\t\t<h2 class=\"elementor-heading-title elementor-size-default\"><a href=\"https:\/\/hyvongsong.com\/en\/connect\/\">Contact<\/a><\/h2>\t\t\t\t<\/div>\n\t\t\t\t<\/div>\n\t\t\t\t<\/div>\n\t\t\t\t<\/div>\n\t\t<div class=\"elementor-element elementor-element-70e96747 e-con-full e-flex e-con e-child\" data-id=\"70e96747\" data-element_type=\"container\">\n\t\t<div class=\"elementor-element elementor-element-718785d7 e-con-full e-flex e-con e-child\" data-id=\"718785d7\" data-element_type=\"container\" data-settings=\"{&quot;background_background&quot;:&quot;classic&quot;}\">\n\t\t\t\t<div class=\"elementor-element elementor-element-c83d059 elementor-widget elementor-widget-heading\" data-id=\"c83d059\" data-element_type=\"widget\" data-widget_type=\"heading.default\">\n\t\t\t\t<div class=\"elementor-widget-container\">\n\t\t\t\t\t<h2 class=\"elementor-heading-title elementor-size-default\"><a href=\"https:\/\/hyvongsong.com\/en\/careers\/\">Career<\/a><\/h2>\t\t\t\t<\/div>\n\t\t\t\t<\/div>\n\t\t\t\t<\/div>\n\t\t\t\t<\/div>\n\t\t<div class=\"elementor-element elementor-element-1a410c7d e-con-full e-flex e-con e-child\" data-id=\"1a410c7d\" data-element_type=\"container\">\n\t\t\t\t<\/div>\n\t\t\t\t\t<\/div>\n\t\t\t\t<\/div>\n\t\t\t\t<\/div>","protected":false},"excerpt":{"rendered":"<p>Nh\u1eefng l\u1ee3i \u00edch C\u00e1ch HOPE gi\u00fap \u0111\u1ee1 b\u1ea1n Trao s\u1ee9c m\u1ea1nh \u0111\u1ec3 b\u1ea1n v\u01b0\u01a1n l\u00ean T\u1ea1i HOPE, ch\u00fang t\u00f4i hi\u1ec3u r\u1eb1ng m\u1ed9t ch\u1ebf \u0111\u1ed9 ph\u00fac&hellip;<\/p>","protected":false},"author":2,"featured_media":0,"parent":0,"menu_order":0,"comment_status":"closed","ping_status":"closed","template":"elementor_header_footer","meta":{"_acf_changed":false,"footnotes":""},"class_list":["post-1981","page","type-page","status-publish","hentry"],"acf":[],"_links":{"self":[{"href":"https:\/\/hyvongsong.com\/en\/wp-json\/wp\/v2\/pages\/1981","targetHints":{"allow":["GET"]}}],"collection":[{"href":"https:\/\/hyvongsong.com\/en\/wp-json\/wp\/v2\/pages"}],"about":[{"href":"https:\/\/hyvongsong.com\/en\/wp-json\/wp\/v2\/types\/page"}],"author":[{"embeddable":true,"href":"https:\/\/hyvongsong.com\/en\/wp-json\/wp\/v2\/users\/2"}],"replies":[{"embeddable":true,"href":"https:\/\/hyvongsong.com\/en\/wp-json\/wp\/v2\/comments?post=1981"}],"version-history":[{"count":0,"href":"https:\/\/hyvongsong.com\/en\/wp-json\/wp\/v2\/pages\/1981\/revisions"}],"wp:attachment":[{"href":"https:\/\/hyvongsong.com\/en\/wp-json\/wp\/v2\/media?parent=1981"}],"curies":[{"name":"wp","href":"https:\/\/api.w.org\/{rel}","templated":true}]}}