{"id":1941,"date":"2024-10-23T05:44:02","date_gmt":"2024-10-23T05:44:02","guid":{"rendered":"https:\/\/hyvongsong.com\/?page_id=1941"},"modified":"2026-01-27T16:53:01","modified_gmt":"2026-01-27T09:53:01","slug":"ho-tro-khung-hoang","status":"publish","type":"page","link":"https:\/\/hyvongsong.com\/en\/ho-tro-khung-hoang\/","title":{"rendered":"Crisis Services"},"content":{"rendered":"<div data-elementor-type=\"wp-page\" data-elementor-id=\"1941\" class=\"elementor elementor-1941\" data-elementor-post-type=\"page\">\n\t\t\t\t<div class=\"elementor-element elementor-element-1482f10 e-con-full banner e-flex e-con e-parent\" data-id=\"1482f10\" data-element_type=\"container\" data-settings=\"{&quot;background_background&quot;:&quot;classic&quot;}\">\n\t\t<div class=\"elementor-element elementor-element-bb9f838 e-con-full title e-flex e-con e-child\" data-id=\"bb9f838\" data-element_type=\"container\" data-settings=\"{&quot;background_background&quot;:&quot;classic&quot;}\">\n\t\t\t\t<div class=\"elementor-element elementor-element-0a93039 elementor-widget elementor-widget-heading\" data-id=\"0a93039\" data-element_type=\"widget\" data-widget_type=\"heading.default\">\n\t\t\t\t<div class=\"elementor-widget-container\">\n\t\t\t\t\t<h2 class=\"elementor-heading-title elementor-size-default\">Crisis and Emergency<\/h2>\t\t\t\t<\/div>\n\t\t\t\t<\/div>\n\t\t\t\t<\/div>\n\t\t\t\t<\/div>\n\t\t<div class=\"elementor-element elementor-element-e2d2bea elementor-hidden-mobile e-flex e-con-boxed e-con e-parent\" data-id=\"e2d2bea\" data-element_type=\"container\" data-settings=\"{&quot;background_background&quot;:&quot;classic&quot;}\">\n\t\t\t\t\t<div class=\"e-con-inner\">\n\t\t<div class=\"elementor-element elementor-element-df02646 e-con-full e-flex e-con e-child\" data-id=\"df02646\" data-element_type=\"container\">\n\t\t<div class=\"elementor-element elementor-element-7557049 e-con-full e-flex e-con e-child\" data-id=\"7557049\" data-element_type=\"container\">\n\t\t\t\t<\/div>\n\t\t<div class=\"elementor-element elementor-element-f7834d4 e-con-full e-flex e-con e-child\" data-id=\"f7834d4\" data-element_type=\"container\" data-settings=\"{&quot;background_background&quot;:&quot;classic&quot;}\">\n\t\t\t\t<div class=\"elementor-element elementor-element-a3ae55e elementor-widget elementor-widget-heading\" data-id=\"a3ae55e\" data-element_type=\"widget\" data-widget_type=\"heading.default\">\n\t\t\t\t<div class=\"elementor-widget-container\">\n\t\t\t\t\t<h2 class=\"elementor-heading-title elementor-size-default\">Suicide crisis support<\/h2>\t\t\t\t<\/div>\n\t\t\t\t<\/div>\n\t\t\t\t<\/div>\n\t\t<div class=\"elementor-element elementor-element-ebc7f2a e-con-full e-flex e-con e-child\" data-id=\"ebc7f2a\" data-element_type=\"container\">\n\t\t\t\t<\/div>\n\t\t\t\t<\/div>\n\t\t\t\t\t<\/div>\n\t\t\t\t<\/div>\n\t\t<div class=\"elementor-element elementor-element-6e4bcd80 e-con-full e-flex e-con e-parent\" data-id=\"6e4bcd80\" data-element_type=\"container\" data-settings=\"{&quot;background_background&quot;:&quot;classic&quot;}\">\n\t\t\t\t<div class=\"elementor-element elementor-element-4d58958b elementor-widget elementor-widget-heading\" data-id=\"4d58958b\" data-element_type=\"widget\" data-widget_type=\"heading.default\">\n\t\t\t\t<div class=\"elementor-widget-container\">\n\t\t\t\t\t<h2 class=\"elementor-heading-title elementor-size-default\">We are here to support and connect when it's needed most.<\/h2>\t\t\t\t<\/div>\n\t\t\t\t<\/div>\n\t\t\t\t<\/div>\n\t\t<div class=\"elementor-element elementor-element-9f6711f e-flex e-con-boxed e-con e-parent\" data-id=\"9f6711f\" data-element_type=\"container\" data-settings=\"{&quot;background_background&quot;:&quot;classic&quot;}\">\n\t\t\t\t\t<div class=\"e-con-inner\">\n\t\t<div class=\"elementor-element elementor-element-84f8661 e-con-full e-flex e-con e-child\" data-id=\"84f8661\" data-element_type=\"container\">\n\t\t<div class=\"elementor-element elementor-element-c489e64 e-con-full e-flex e-con e-child\" data-id=\"c489e64\" data-element_type=\"container\">\n\t\t\t\t<div class=\"elementor-element elementor-element-e24ac58 elementor-widget elementor-widget-heading\" data-id=\"e24ac58\" data-element_type=\"widget\" data-widget_type=\"heading.default\">\n\t\t\t\t<div class=\"elementor-widget-container\">\n\t\t\t\t\t<h2 class=\"elementor-heading-title elementor-size-default\">Confidential Support every day from 16:30 to 20:30<\/h2>\t\t\t\t<\/div>\n\t\t\t\t<\/div>\n\t\t\t\t<div class=\"elementor-element elementor-element-b3c222f elementor-widget elementor-widget-text-editor\" data-id=\"b3c222f\" data-element_type=\"widget\" data-widget_type=\"text-editor.default\">\n\t\t\t\t<div class=\"elementor-widget-container\">\n\t\t\t\t\t\t\t\t\t<p>Through multiple platforms including hotlines, online chat, text messaging, and face-to-face counseling. Our team of trained professionals and dedicated volunteers are here to listen, guide, and provide resources to help you navigate emotional crises and find ways to stay safe.<\/p>\t\t\t\t\t\t\t\t<\/div>\n\t\t\t\t<\/div>\n\t\t\t\t<div class=\"elementor-element elementor-element-90c2697 elementor-widget elementor-widget-heading\" data-id=\"90c2697\" data-element_type=\"widget\" data-widget_type=\"heading.default\">\n\t\t\t\t<div class=\"elementor-widget-container\">\n\t\t\t\t\t<h2 class=\"elementor-heading-title elementor-size-default\">Our advices<\/h2>\t\t\t\t<\/div>\n\t\t\t\t<\/div>\n\t\t\t\t<div class=\"elementor-element elementor-element-5a3c53f elementor-widget elementor-widget-text-editor\" data-id=\"5a3c53f\" data-element_type=\"widget\" data-widget_type=\"text-editor.default\">\n\t\t\t\t<div class=\"elementor-widget-container\">\n\t\t\t\t\t\t\t\t\t<ul><li data-start=\"90\" data-end=\"159\">Call a crisis hotline immediately for help.<\/li><li data-start=\"162\" data-end=\"245\">Talk openly about your feelings with a trusted family member or friend.<\/li><li data-start=\"248\" data-end=\"337\">Make a safety plan (<a style=\"color: blue;\" href=\"\/en\/product\/bang-cham-soc-cam-xuc\/\" target=\"_blank\" rel=\"noopener\">watch here<\/a>), including coping strategies and an emergency contact list.\u00a0<\/li><li data-start=\"340\" data-end=\"425\">Avoid using drugs and alcohol, as they can make feelings worse.<\/li><li data-start=\"428\" data-end=\"501\">Practice calming techniques like deep breathing or mindfulness<\/li><\/ul>\t\t\t\t\t\t\t\t<\/div>\n\t\t\t\t<\/div>\n\t\t\t\t<div class=\"elementor-element elementor-element-13f350d elementor-widget elementor-widget-heading\" data-id=\"13f350d\" data-element_type=\"widget\" data-widget_type=\"heading.default\">\n\t\t\t\t<div class=\"elementor-widget-container\">\n\t\t\t\t\t<h2 class=\"elementor-heading-title elementor-size-default\">We provide:<\/h2>\t\t\t\t<\/div>\n\t\t\t\t<\/div>\n\t\t\t\t<div class=\"elementor-element elementor-element-c36cf04 elementor-widget elementor-widget-text-editor\" data-id=\"c36cf04\" data-element_type=\"widget\" data-widget_type=\"text-editor.default\">\n\t\t\t\t<div class=\"elementor-widget-container\">\n\t\t\t\t\t\t\t\t\t<ul><li data-start=\"87\" data-end=\"123\">Emergency crisis intervention<\/li><li data-start=\"126\" data-end=\"154\">Suicide risk assessment<\/li><li data-start=\"157\" data-end=\"194\">Psychological support and emotional counseling<\/li><li data-start=\"197\" data-end=\"248\">Referral to mental health professionals<\/li><\/ul>\t\t\t\t\t\t\t\t<\/div>\n\t\t\t\t<\/div>\n\t\t\t\t<\/div>\n\t\t<div class=\"elementor-element elementor-element-99dc4d2 e-con-full e-flex e-con e-child\" data-id=\"99dc4d2\" data-element_type=\"container\">\n\t\t\t\t<div class=\"elementor-element elementor-element-44bd947 elementor-widget elementor-widget-image\" data-id=\"44bd947\" data-element_type=\"widget\" data-widget_type=\"image.default\">\n\t\t\t\t<div class=\"elementor-widget-container\">\n\t\t\t\t\t\t\t\t\t\t\t\t\t\t\t<img fetchpriority=\"high\" decoding=\"async\" width=\"1024\" height=\"681\" src=\"https:\/\/hyvongsong.com\/wp-content\/uploads\/2025\/12\/Thiet-ke-chua-co-ten-1024x681.png\" class=\"attachment-large size-large wp-image-6670\" alt=\"\" srcset=\"https:\/\/hyvongsong.com\/wp-content\/uploads\/2025\/12\/Thiet-ke-chua-co-ten-1024x681.png 1024w, https:\/\/hyvongsong.com\/wp-content\/uploads\/2025\/12\/Thiet-ke-chua-co-ten-300x200.png 300w, https:\/\/hyvongsong.com\/wp-content\/uploads\/2025\/12\/Thiet-ke-chua-co-ten-768x511.png 768w, https:\/\/hyvongsong.com\/wp-content\/uploads\/2025\/12\/Thiet-ke-chua-co-ten-18x12.png 18w, https:\/\/hyvongsong.com\/wp-content\/uploads\/2025\/12\/Thiet-ke-chua-co-ten-980x652.png 980w, https:\/\/hyvongsong.com\/wp-content\/uploads\/2025\/12\/Thiet-ke-chua-co-ten-560x373.png 560w, https:\/\/hyvongsong.com\/wp-content\/uploads\/2025\/12\/Thiet-ke-chua-co-ten.png 1097w\" sizes=\"(max-width: 1024px) 100vw, 1024px\" \/>\t\t\t\t\t\t\t\t\t\t\t\t\t\t\t<\/div>\n\t\t\t\t<\/div>\n\t\t<div class=\"elementor-element elementor-element-2aff357 e-flex e-con-boxed e-con e-child\" data-id=\"2aff357\" data-element_type=\"container\" data-settings=\"{&quot;background_background&quot;:&quot;classic&quot;}\">\n\t\t\t\t\t<div class=\"e-con-inner\">\n\t\t\t\t<div class=\"elementor-element elementor-element-43e2cd7 elementor-widget-mobile__width-initial elementor-widget elementor-widget-heading\" data-id=\"43e2cd7\" data-element_type=\"widget\" data-widget_type=\"heading.default\">\n\t\t\t\t<div class=\"elementor-widget-container\">\n\t\t\t\t\t<h2 class=\"elementor-heading-title elementor-size-default\">Mental health crisis hotline<\/h2>\t\t\t\t<\/div>\n\t\t\t\t<\/div>\n\t\t\t\t<div class=\"elementor-element elementor-element-3bf38f59 elementor-widget elementor-widget-heading\" data-id=\"3bf38f59\" data-element_type=\"widget\" data-widget_type=\"heading.default\">\n\t\t\t\t<div class=\"elementor-widget-container\">\n\t\t\t\t\t<h2 class=\"elementor-heading-title elementor-size-default\">086\n50\n444\n00<\/h2>\t\t\t\t<\/div>\n\t\t\t\t<\/div>\n\t\t\t\t\t<\/div>\n\t\t\t\t<\/div>\n\t\t\t\t<div class=\"elementor-element elementor-element-6d4c20d elementor-widget elementor-widget-text-editor\" data-id=\"6d4c20d\" data-element_type=\"widget\" data-widget_type=\"text-editor.default\">\n\t\t\t\t<div class=\"elementor-widget-container\">\n\t\t\t\t\t\t\t\t\t<p><strong>We are here to help you!<\/strong><\/p>\t\t\t\t\t\t\t\t<\/div>\n\t\t\t\t<\/div>\n\t\t\t\t<\/div>\n\t\t\t\t<\/div>\n\t\t\t\t\t<\/div>\n\t\t\t\t<\/div>\n\t\t<div class=\"elementor-element elementor-element-36a0293 elementor-hidden-widescreen elementor-hidden-desktop elementor-hidden-tablet e-flex e-con-boxed e-con e-parent\" data-id=\"36a0293\" data-element_type=\"container\" data-settings=\"{&quot;background_background&quot;:&quot;classic&quot;}\">\n\t\t\t\t\t<div class=\"e-con-inner\">\n\t\t<div class=\"elementor-element elementor-element-c8c307b e-grid e-con-full e-con e-child\" data-id=\"c8c307b\" data-element_type=\"container\">\n\t\t\t\t<div class=\"elementor-element elementor-element-8ae674e elementor-mobile-align-justify elementor-widget-mobile__width-inherit elementor-widget elementor-widget-button\" data-id=\"8ae674e\" data-element_type=\"widget\" data-widget_type=\"button.default\">\n\t\t\t\t<div class=\"elementor-widget-container\">\n\t\t\t\t\t\t\t\t\t<div class=\"elementor-button-wrapper\">\n\t\t\t\t\t<a class=\"elementor-button elementor-button-link elementor-size-sm\" href=\"https:\/\/hyvongsong.com\/en\/connect\/\">\n\t\t\t\t\t\t<span class=\"elementor-button-content-wrapper\">\n\t\t\t\t\t\t\t\t\t<span class=\"elementor-button-text\">Contact<\/span>\n\t\t\t\t\t<\/span>\n\t\t\t\t\t<\/a>\n\t\t\t\t<\/div>\n\t\t\t\t\t\t\t\t<\/div>\n\t\t\t\t<\/div>\n\t\t\t\t<div class=\"elementor-element elementor-element-bbe3fff elementor-mobile-align-justify elementor-widget-mobile__width-inherit elementor-widget elementor-widget-button\" data-id=\"bbe3fff\" data-element_type=\"widget\" data-widget_type=\"button.default\">\n\t\t\t\t<div class=\"elementor-widget-container\">\n\t\t\t\t\t\t\t\t\t<div class=\"elementor-button-wrapper\">\n\t\t\t\t\t<a class=\"elementor-button elementor-button-link elementor-size-sm\" href=\"https:\/\/hyvongsong.com\/en\/career-opportunities\/\">\n\t\t\t\t\t\t<span class=\"elementor-button-content-wrapper\">\n\t\t\t\t\t\t\t\t\t<span class=\"elementor-button-text\">Career<\/span>\n\t\t\t\t\t<\/span>\n\t\t\t\t\t<\/a>\n\t\t\t\t<\/div>\n\t\t\t\t\t\t\t\t<\/div>\n\t\t\t\t<\/div>\n\t\t\t\t<\/div>\n\t\t\t\t\t<\/div>\n\t\t\t\t<\/div>\n\t\t<div class=\"elementor-element elementor-element-5aa9570d elementor-hidden-mobile e-flex e-con-boxed e-con e-parent\" data-id=\"5aa9570d\" data-element_type=\"container\" data-settings=\"{&quot;background_background&quot;:&quot;classic&quot;}\">\n\t\t\t\t\t<div class=\"e-con-inner\">\n\t\t<div class=\"elementor-element elementor-element-29531e91 e-con-full e-flex e-con e-child\" data-id=\"29531e91\" data-element_type=\"container\">\n\t\t\t\t<\/div>\n\t\t<div class=\"elementor-element elementor-element-78c18d93 e-con-full e-flex e-con e-child\" data-id=\"78c18d93\" data-element_type=\"container\">\n\t\t<div class=\"elementor-element elementor-element-7eb36004 e-con-full e-flex e-con e-child\" data-id=\"7eb36004\" data-element_type=\"container\" data-settings=\"{&quot;background_background&quot;:&quot;classic&quot;}\">\n\t\t\t\t<div class=\"elementor-element elementor-element-a37b8e4 elementor-widget elementor-widget-heading\" data-id=\"a37b8e4\" data-element_type=\"widget\" data-widget_type=\"heading.default\">\n\t\t\t\t<div class=\"elementor-widget-container\">\n\t\t\t\t\t<h2 class=\"elementor-heading-title elementor-size-default\"><a href=\"\/en\/grief-and-loss\/\">Grief and Loss<\/a><\/h2>\t\t\t\t<\/div>\n\t\t\t\t<\/div>\n\t\t\t\t<\/div>\n\t\t\t\t<\/div>\n\t\t<div class=\"elementor-element elementor-element-770da3cb e-con-full e-flex e-con e-child\" data-id=\"770da3cb\" data-element_type=\"container\">\n\t\t<div class=\"elementor-element elementor-element-17c86727 e-con-full e-flex e-con e-child\" data-id=\"17c86727\" data-element_type=\"container\" data-settings=\"{&quot;background_background&quot;:&quot;classic&quot;}\">\n\t\t\t\t<div class=\"elementor-element elementor-element-c241363 elementor-widget elementor-widget-heading\" data-id=\"c241363\" data-element_type=\"widget\" data-widget_type=\"heading.default\">\n\t\t\t\t<div class=\"elementor-widget-container\">\n\t\t\t\t\t<h2 class=\"elementor-heading-title elementor-size-default\"><a href=\"\/en\/mental-support-services\/\">Emotional Support<\/a><\/h2>\t\t\t\t<\/div>\n\t\t\t\t<\/div>\n\t\t\t\t<\/div>\n\t\t\t\t<\/div>\n\t\t<div class=\"elementor-element elementor-element-11fac8ec e-con-full e-flex e-con e-child\" data-id=\"11fac8ec\" data-element_type=\"container\">\n\t\t\t\t<\/div>\n\t\t\t\t\t<\/div>\n\t\t\t\t<\/div>\n\t\t\t\t<\/div>","protected":false},"excerpt":{"rendered":"<p>H\u1ed7 tr\u1ee3 kh\u1ee7ng ho\u1ea3ng H\u1ed7 tr\u1ee3 kh\u1ee7ng ho\u1ea3ng t\u1ef1 t\u1eed Ch\u00fang t\u00f4i \u1edf \u0111\u00e2y \u0111\u1ec3 h\u1ed7 tr\u1ee3 v\u00e0 k\u1ebft n\u1ed1i v\u00e0o th\u1eddi \u0111i\u1ec3m c\u1ea7n thi\u1ebft&hellip;<\/p>","protected":false},"author":2,"featured_media":0,"parent":0,"menu_order":0,"comment_status":"closed","ping_status":"closed","template":"elementor_header_footer","meta":{"_acf_changed":false,"footnotes":""},"class_list":["post-1941","page","type-page","status-publish","hentry"],"acf":[],"_links":{"self":[{"href":"https:\/\/hyvongsong.com\/en\/wp-json\/wp\/v2\/pages\/1941","targetHints":{"allow":["GET"]}}],"collection":[{"href":"https:\/\/hyvongsong.com\/en\/wp-json\/wp\/v2\/pages"}],"about":[{"href":"https:\/\/hyvongsong.com\/en\/wp-json\/wp\/v2\/types\/page"}],"author":[{"embeddable":true,"href":"https:\/\/hyvongsong.com\/en\/wp-json\/wp\/v2\/users\/2"}],"replies":[{"embeddable":true,"href":"https:\/\/hyvongsong.com\/en\/wp-json\/wp\/v2\/comments?post=1941"}],"version-history":[{"count":176,"href":"https:\/\/hyvongsong.com\/en\/wp-json\/wp\/v2\/pages\/1941\/revisions"}],"predecessor-version":[{"id":12239,"href":"https:\/\/hyvongsong.com\/en\/wp-json\/wp\/v2\/pages\/1941\/revisions\/12239"}],"wp:attachment":[{"href":"https:\/\/hyvongsong.com\/en\/wp-json\/wp\/v2\/media?parent=1941"}],"curies":[{"name":"wp","href":"https:\/\/api.w.org\/{rel}","templated":true}]}}