{"id":11842,"date":"2026-01-15T16:17:59","date_gmt":"2026-01-15T09:17:59","guid":{"rendered":"https:\/\/hyvongsong.com\/?page_id=11842"},"modified":"2026-01-16T13:51:08","modified_gmt":"2026-01-16T06:51:08","slug":"internship","status":"publish","type":"page","link":"https:\/\/hyvongsong.com\/en\/internship\/","title":{"rendered":"Internship"},"content":{"rendered":"<div data-elementor-type=\"wp-page\" data-elementor-id=\"11842\" class=\"elementor elementor-11842\" data-elementor-post-type=\"page\">\n\t\t\t\t<div class=\"elementor-element elementor-element-2a22fac e-con-full banner  e-flex e-con e-parent\" data-id=\"2a22fac\" data-element_type=\"container\" data-settings=\"{&quot;background_background&quot;:&quot;classic&quot;}\">\n\t\t<div class=\"elementor-element elementor-element-5cb9aed5 e-con-full title e-flex e-con e-child\" data-id=\"5cb9aed5\" data-element_type=\"container\" data-settings=\"{&quot;background_background&quot;:&quot;classic&quot;}\">\n\t\t\t\t<div class=\"elementor-element elementor-element-6a45ff40 elementor-widget elementor-widget-heading\" data-id=\"6a45ff40\" data-element_type=\"widget\" data-widget_type=\"heading.default\">\n\t\t\t\t<div class=\"elementor-widget-container\">\n\t\t\t\t\t<h2 class=\"elementor-heading-title elementor-size-default\">Internship at Hope<\/h2>\t\t\t\t<\/div>\n\t\t\t\t<\/div>\n\t\t\t\t<\/div>\n\t\t\t\t<\/div>\n\t\t<div class=\"elementor-element elementor-element-4a97619e e-flex e-con-boxed e-con e-parent\" data-id=\"4a97619e\" data-element_type=\"container\" data-settings=\"{&quot;background_background&quot;:&quot;classic&quot;}\">\n\t\t\t\t\t<div class=\"e-con-inner\">\n\t\t<div class=\"elementor-element elementor-element-0f32d88 e-con-full e-flex e-con e-child\" data-id=\"0f32d88\" data-element_type=\"container\">\n\t\t\t\t<div class=\"elementor-element elementor-element-aff19fa elementor-widget elementor-widget-heading\" data-id=\"aff19fa\" data-element_type=\"widget\" data-widget_type=\"heading.default\">\n\t\t\t\t<div class=\"elementor-widget-container\">\n\t\t\t\t\t<h2 class=\"elementor-heading-title elementor-size-default\">Meaningful Internship: Make a Real Impact with Us<\/h2>\t\t\t\t<\/div>\n\t\t\t\t<\/div>\n\t\t\t\t<div class=\"elementor-element elementor-element-6e10413 elementor-widget elementor-widget-text-editor\" data-id=\"6e10413\" data-element_type=\"widget\" data-widget_type=\"text-editor.default\">\n\t\t\t\t<div class=\"elementor-widget-container\">\n\t\t\t\t\t\t\t\t\t<p data-start=\"135\" data-end=\"392\">HOPE is a charity suicide prevention hotline in Vietnam. We are here to listen, support, and help people find hope when life feels overwhelming.<span style=\"font-size: 19.2px;\">By joining our internship program, you support meaningful mental health work that makes a real difference for individuals and the wider community.<\/span><\/p>\n<p data-start=\"609\" data-end=\"865\">We welcome interns from <b>Vietnam and abroad<\/b>. If you are looking for an internship with purpose, responsibility, and room to grow, we would love to meet you.<\/p>\t\t\t\t\t\t\t\t<\/div>\n\t\t\t\t<\/div>\n\t\t\t\t<\/div>\n\t\t<div class=\"elementor-element elementor-element-c1ca525 e-con-full e-flex e-con e-child\" data-id=\"c1ca525\" data-element_type=\"container\">\n\t\t<div class=\"elementor-element elementor-element-7bb3333 e-con-full e-flex e-con e-child\" data-id=\"7bb3333\" data-element_type=\"container\">\n\t\t\t\t<div class=\"elementor-element elementor-element-2c619f93 elementor-widget elementor-widget-heading\" data-id=\"2c619f93\" data-element_type=\"widget\" data-widget_type=\"heading.default\">\n\t\t\t\t<div class=\"elementor-widget-container\">\n\t\t\t\t\t<h2 class=\"elementor-heading-title elementor-size-default\">Internship details <\/h2>\t\t\t\t<\/div>\n\t\t\t\t<\/div>\n\t\t\t\t<div class=\"elementor-element elementor-element-202792d elementor-widget elementor-widget-text-editor\" data-id=\"202792d\" data-element_type=\"widget\" data-widget_type=\"text-editor.default\">\n\t\t\t\t<div class=\"elementor-widget-container\">\n\t\t\t\t\t\t\t\t\t<ul><li>Minimum duration is 3 months<\/li><li>20 hours per week<\/li><li>Location is Da Nang<\/li><li>A clear police report is required<\/li><li>Communicate in English at an intermediate level<\/li><\/ul>\t\t\t\t\t\t\t\t<\/div>\n\t\t\t\t<\/div>\n\t\t\t\t<\/div>\n\t\t\t\t<\/div>\n\t\t<div class=\"elementor-element elementor-element-58aeebe e-con-full e-flex e-con e-child\" data-id=\"58aeebe\" data-element_type=\"container\">\n\t\t<div class=\"elementor-element elementor-element-ec471c3 e-con-full e-flex e-con e-child\" data-id=\"ec471c3\" data-element_type=\"container\">\n\t\t\t\t<div class=\"elementor-element elementor-element-0ab8632 elementor-widget elementor-widget-heading\" data-id=\"0ab8632\" data-element_type=\"widget\" data-widget_type=\"heading.default\">\n\t\t\t\t<div class=\"elementor-widget-container\">\n\t\t\t\t\t<h2 class=\"elementor-heading-title elementor-size-default\">Why HOPE<\/h2>\t\t\t\t<\/div>\n\t\t\t\t<\/div>\n\t\t\t\t<div class=\"elementor-element elementor-element-02e8028 elementor-widget elementor-widget-text-editor\" data-id=\"02e8028\" data-element_type=\"widget\" data-widget_type=\"text-editor.default\">\n\t\t\t\t<div class=\"elementor-widget-container\">\n\t\t\t\t\t\t\t\t\t<p data-start=\"85\" data-end=\"331\">At HOPE, interns are considered part of the team and have the opportunity to be directly involved in daily work. You will receive guidance and support when needed, within an environment that encourages learning and growth at your own pace.<\/p><p data-start=\"333\" data-end=\"649\">During your internship, you will gradually gain a deeper understanding of life in Vietnam and in Da Nang, as well as how a community focused organization operates behind the scenes beyond what the public sees. During office hours, HOPE also provides meals so that interns have time to rest, connect, and spend time with others.<\/p>\t\t\t\t\t\t\t\t<\/div>\n\t\t\t\t<\/div>\n\t\t\t\t<\/div>\n\t\t<div class=\"elementor-element elementor-element-472eff7 e-con-full e-flex e-con e-child\" data-id=\"472eff7\" data-element_type=\"container\">\n\t\t\t\t<div class=\"elementor-element elementor-element-99086ce elementor-widget elementor-widget-image\" data-id=\"99086ce\" data-element_type=\"widget\" data-widget_type=\"image.default\">\n\t\t\t\t<div class=\"elementor-widget-container\">\n\t\t\t\t\t\t\t\t\t\t\t\t\t\t\t<img fetchpriority=\"high\" decoding=\"async\" width=\"1024\" height=\"683\" src=\"https:\/\/hyvongsong.com\/wp-content\/uploads\/2026\/01\/hinh-anh_2026-01-15_165653713-1024x683.png\" class=\"attachment-large size-large wp-image-11868\" alt=\"\" srcset=\"https:\/\/hyvongsong.com\/wp-content\/uploads\/2026\/01\/hinh-anh_2026-01-15_165653713-1024x683.png 1024w, https:\/\/hyvongsong.com\/wp-content\/uploads\/2026\/01\/hinh-anh_2026-01-15_165653713-300x200.png 300w, https:\/\/hyvongsong.com\/wp-content\/uploads\/2026\/01\/hinh-anh_2026-01-15_165653713-768x512.png 768w, https:\/\/hyvongsong.com\/wp-content\/uploads\/2026\/01\/hinh-anh_2026-01-15_165653713-18x12.png 18w, https:\/\/hyvongsong.com\/wp-content\/uploads\/2026\/01\/hinh-anh_2026-01-15_165653713-980x653.png 980w, https:\/\/hyvongsong.com\/wp-content\/uploads\/2026\/01\/hinh-anh_2026-01-15_165653713-560x373.png 560w, https:\/\/hyvongsong.com\/wp-content\/uploads\/2026\/01\/hinh-anh_2026-01-15_165653713.png 1125w\" sizes=\"(max-width: 1024px) 100vw, 1024px\" \/>\t\t\t\t\t\t\t\t\t\t\t\t\t\t\t<\/div>\n\t\t\t\t<\/div>\n\t\t\t\t<div class=\"elementor-element elementor-element-c9f0373 elementor-widget elementor-widget-text-editor\" data-id=\"c9f0373\" data-element_type=\"widget\" data-widget_type=\"text-editor.default\">\n\t\t\t\t<div class=\"elementor-widget-container\">\n\t\t\t\t\t\t\t\t\t<p>Hands on work experience in a supportive and learning focused environment<\/p>\t\t\t\t\t\t\t\t<\/div>\n\t\t\t\t<\/div>\n\t\t\t\t<\/div>\n\t\t\t\t<\/div>\n\t\t<div class=\"elementor-element elementor-element-0f96e31 e-con-full e-flex e-con e-child\" data-id=\"0f96e31\" data-element_type=\"container\">\n\t\t<div class=\"elementor-element elementor-element-435a3e7 e-con-full e-flex e-con e-child\" data-id=\"435a3e7\" data-element_type=\"container\">\n\t\t\t\t<div class=\"elementor-element elementor-element-994027d elementor-widget elementor-widget-heading\" data-id=\"994027d\" data-element_type=\"widget\" data-widget_type=\"heading.default\">\n\t\t\t\t<div class=\"elementor-widget-container\">\n\t\t\t\t\t<h2 class=\"elementor-heading-title elementor-size-default\">Why Da Nang<\/h2>\t\t\t\t<\/div>\n\t\t\t\t<\/div>\n\t\t\t\t<div class=\"elementor-element elementor-element-a63ed10 elementor-widget elementor-widget-text-editor\" data-id=\"a63ed10\" data-element_type=\"widget\" data-widget_type=\"text-editor.default\">\n\t\t\t\t<div class=\"elementor-widget-container\">\n\t\t\t\t\t\t\t\t\t<p data-start=\"1056\" data-end=\"1254\">Da Nang is a vibrant coastal city with a relaxed lifestyle, friendly community, and a strong sense of local culture.\u00a0<span style=\"font-size: 19.2px;\">It is known for its beaches, great food, and easy access to nature, from mountains to nearby heritage towns.\u00a0<\/span><\/p><p data-start=\"1056\" data-end=\"1254\"><span style=\"font-size: 19.2px;\">It is an ideal place to live, learn, and build meaningful connections while engaging in work that creates positive impact for the community.<\/span><\/p>\t\t\t\t\t\t\t\t<\/div>\n\t\t\t\t<\/div>\n\t\t\t\t<\/div>\n\t\t<div class=\"elementor-element elementor-element-0c09c3d e-con-full e-flex e-con e-child\" data-id=\"0c09c3d\" data-element_type=\"container\">\n\t\t\t\t<div class=\"elementor-element elementor-element-667724f elementor-widget elementor-widget-image\" data-id=\"667724f\" data-element_type=\"widget\" data-widget_type=\"image.default\">\n\t\t\t\t<div class=\"elementor-widget-container\">\n\t\t\t\t\t\t\t\t\t\t\t\t\t\t\t<img decoding=\"async\" width=\"1600\" height=\"1066\" src=\"https:\/\/hyvongsong.com\/wp-content\/uploads\/2026\/01\/hinh-anh_2026-01-15_165533554.png\" class=\"attachment-full size-full wp-image-11867\" alt=\"\" srcset=\"https:\/\/hyvongsong.com\/wp-content\/uploads\/2026\/01\/hinh-anh_2026-01-15_165533554.png 1600w, https:\/\/hyvongsong.com\/wp-content\/uploads\/2026\/01\/hinh-anh_2026-01-15_165533554-300x200.png 300w, https:\/\/hyvongsong.com\/wp-content\/uploads\/2026\/01\/hinh-anh_2026-01-15_165533554-1024x682.png 1024w, https:\/\/hyvongsong.com\/wp-content\/uploads\/2026\/01\/hinh-anh_2026-01-15_165533554-768x512.png 768w, https:\/\/hyvongsong.com\/wp-content\/uploads\/2026\/01\/hinh-anh_2026-01-15_165533554-1536x1023.png 1536w, https:\/\/hyvongsong.com\/wp-content\/uploads\/2026\/01\/hinh-anh_2026-01-15_165533554-18x12.png 18w, https:\/\/hyvongsong.com\/wp-content\/uploads\/2026\/01\/hinh-anh_2026-01-15_165533554-980x653.png 980w, https:\/\/hyvongsong.com\/wp-content\/uploads\/2026\/01\/hinh-anh_2026-01-15_165533554-560x373.png 560w\" sizes=\"(max-width: 1600px) 100vw, 1600px\" \/>\t\t\t\t\t\t\t\t\t\t\t\t\t\t\t<\/div>\n\t\t\t\t<\/div>\n\t\t\t\t<div class=\"elementor-element elementor-element-9b0043f elementor-widget elementor-widget-text-editor\" data-id=\"9b0043f\" data-element_type=\"widget\" data-widget_type=\"text-editor.default\">\n\t\t\t\t<div class=\"elementor-widget-container\">\n\t\t\t\t\t\t\t\t\t<p>Da Nang is a great place to live, work, and experience<\/p>\t\t\t\t\t\t\t\t<\/div>\n\t\t\t\t<\/div>\n\t\t\t\t<\/div>\n\t\t\t\t<\/div>\n\t\t<div class=\"elementor-element elementor-element-6e96dce e-con-full e-flex e-con e-child\" data-id=\"6e96dce\" data-element_type=\"container\">\n\t\t\t\t<div class=\"elementor-element elementor-element-5b22260 elementor-widget elementor-widget-heading\" data-id=\"5b22260\" data-element_type=\"widget\" data-widget_type=\"heading.default\">\n\t\t\t\t<div class=\"elementor-widget-container\">\n\t\t\t\t\t<h2 class=\"elementor-heading-title elementor-size-default\">What we expect from you<\/h2>\t\t\t\t<\/div>\n\t\t\t\t<\/div>\n\t\t\t\t<div class=\"elementor-element elementor-element-bc06598 elementor-widget elementor-widget-text-editor\" data-id=\"bc06598\" data-element_type=\"widget\" data-widget_type=\"text-editor.default\">\n\t\t\t\t<div class=\"elementor-widget-container\">\n\t\t\t\t\t\t\t\t\t<ul class = \"ul-intern\">\n \t<li>A positive and enthusiastic attitude<\/li>\n \t<li>A strong team spirit and willingness to collaborate<\/li>\n \t<li>The ability to think outside the box<\/li>\n \t<li>Take ownership of your internship journey, including shaping a meaningful project of your own<\/li>\n<\/ul>\t\t\t\t\t\t\t\t<\/div>\n\t\t\t\t<\/div>\n\t\t\t\t<\/div>\n\t\t<div class=\"elementor-element elementor-element-c42202d e-con-full e-flex e-con e-child\" data-id=\"c42202d\" data-element_type=\"container\">\n\t\t\t\t<div class=\"elementor-element elementor-element-5cd5cb0 elementor-widget elementor-widget-heading\" data-id=\"5cd5cb0\" data-element_type=\"widget\" data-widget_type=\"heading.default\">\n\t\t\t\t<div class=\"elementor-widget-container\">\n\t\t\t\t\t<h2 class=\"elementor-heading-title elementor-size-default\">Possible tasks and projects<\/h2>\t\t\t\t<\/div>\n\t\t\t\t<\/div>\n\t\t\t\t<div class=\"elementor-element elementor-element-284eb36 elementor-widget elementor-widget-text-editor\" data-id=\"284eb36\" data-element_type=\"widget\" data-widget_type=\"text-editor.default\">\n\t\t\t\t<div class=\"elementor-widget-container\">\n\t\t\t\t\t\t\t\t\t<p data-start=\"121\" data-end=\"220\">Depending on your interests and strengths, your internship can include one or more of the following:<\/p>\n\n<ul class = \"ul-intern\">\n \t<li>Supporting and growing our social media presence<\/li>\n \t<li>Reviewing and improving processes within HOPE<\/li>\n \t<li>Organising events in and around Da Nang to build mental health awareness<\/li>\n \t<li>Planning a donation activity abroad<\/li>\n \t<li>Reaching out to schools or companies to start conversations about mental health care<\/li>\n<\/ul>\t\t\t\t\t\t\t\t<\/div>\n\t\t\t\t<\/div>\n\t\t\t\t<\/div>\n\t\t<div class=\"elementor-element elementor-element-14bff36 e-con-full e-flex e-con e-child\" data-id=\"14bff36\" data-element_type=\"container\">\n\t\t<div class=\"elementor-element elementor-element-0b6cbcd e-con-full e-flex e-con e-child\" data-id=\"0b6cbcd\" data-element_type=\"container\">\n\t\t\t\t<div class=\"elementor-element elementor-element-b2d5557 elementor-widget elementor-widget-image\" data-id=\"b2d5557\" data-element_type=\"widget\" data-widget_type=\"image.default\">\n\t\t\t\t<div class=\"elementor-widget-container\">\n\t\t\t\t\t\t\t\t\t\t\t\t\t\t\t<img decoding=\"async\" width=\"1024\" height=\"683\" src=\"https:\/\/hyvongsong.com\/wp-content\/uploads\/2026\/01\/hinh-anh_2026-01-15_170727181-1024x683.png\" class=\"attachment-large size-large wp-image-11882\" alt=\"\" srcset=\"https:\/\/hyvongsong.com\/wp-content\/uploads\/2026\/01\/hinh-anh_2026-01-15_170727181-1024x683.png 1024w, https:\/\/hyvongsong.com\/wp-content\/uploads\/2026\/01\/hinh-anh_2026-01-15_170727181-300x200.png 300w, https:\/\/hyvongsong.com\/wp-content\/uploads\/2026\/01\/hinh-anh_2026-01-15_170727181-768x512.png 768w, https:\/\/hyvongsong.com\/wp-content\/uploads\/2026\/01\/hinh-anh_2026-01-15_170727181-18x12.png 18w, https:\/\/hyvongsong.com\/wp-content\/uploads\/2026\/01\/hinh-anh_2026-01-15_170727181-980x653.png 980w, https:\/\/hyvongsong.com\/wp-content\/uploads\/2026\/01\/hinh-anh_2026-01-15_170727181-560x373.png 560w, https:\/\/hyvongsong.com\/wp-content\/uploads\/2026\/01\/hinh-anh_2026-01-15_170727181.png 1125w\" sizes=\"(max-width: 1024px) 100vw, 1024px\" \/>\t\t\t\t\t\t\t\t\t\t\t\t\t\t\t<\/div>\n\t\t\t\t<\/div>\n\t\t\t\t<div class=\"elementor-element elementor-element-8dde968 elementor-widget elementor-widget-text-editor\" data-id=\"8dde968\" data-element_type=\"widget\" data-widget_type=\"text-editor.default\">\n\t\t\t\t<div class=\"elementor-widget-container\">\n\t\t\t\t\t\t\t\t\t<p>Every step you take at HOPE helps shape who you become.<\/p>\t\t\t\t\t\t\t\t<\/div>\n\t\t\t\t<\/div>\n\t\t\t\t<\/div>\n\t\t<div class=\"elementor-element elementor-element-2a87bc9 e-con-full e-flex e-con e-child\" data-id=\"2a87bc9\" data-element_type=\"container\">\n\t\t\t\t<div class=\"elementor-element elementor-element-078822e elementor-widget elementor-widget-heading\" data-id=\"078822e\" data-element_type=\"widget\" data-widget_type=\"heading.default\">\n\t\t\t\t<div class=\"elementor-widget-container\">\n\t\t\t\t\t<h2 class=\"elementor-heading-title elementor-size-default\">Make it your own<\/h2>\t\t\t\t<\/div>\n\t\t\t\t<\/div>\n\t\t\t\t<div class=\"elementor-element elementor-element-c2a203d elementor-widget elementor-widget-text-editor\" data-id=\"c2a203d\" data-element_type=\"widget\" data-widget_type=\"text-editor.default\">\n\t\t\t\t<div class=\"elementor-widget-container\">\n\t\t\t\t\t\t\t\t\t<p data-start=\"121\" data-end=\"220\">HOPE believes that every internship should reflect who you are and what you care about. You are encouraged to bring your ideas, skills, and curiosity, and together we will gradually shape your internship experience.\u00a0<\/p><p data-start=\"121\" data-end=\"220\">This will be a journey that not only supports HOPE\u2019s work, but also helps you learn, grow, and gain a deeper understanding of yourself.<\/p>\t\t\t\t\t\t\t\t<\/div>\n\t\t\t\t<\/div>\n\t\t\t\t<div class=\"elementor-element elementor-element-b3e07ce elementor-widget elementor-widget-text-editor\" data-id=\"b3e07ce\" data-element_type=\"widget\" data-widget_type=\"text-editor.default\">\n\t\t\t\t<div class=\"elementor-widget-container\">\n\t\t\t\t\t\t\t\t\t<p data-start=\"121\" data-end=\"220\">For more information about the internship or to sign up, click <strong>Contact<\/strong> button and send us a message.<\/p>\t\t\t\t\t\t\t\t<\/div>\n\t\t\t\t<\/div>\n\t\t\t\t<\/div>\n\t\t\t\t<\/div>\n\t\t\t\t\t<\/div>\n\t\t\t\t<\/div>\n\t\t<div class=\"elementor-element elementor-element-87de596 elementor-hidden-widescreen elementor-hidden-desktop elementor-hidden-tablet e-flex e-con-boxed e-con e-parent\" data-id=\"87de596\" data-element_type=\"container\" data-settings=\"{&quot;background_background&quot;:&quot;classic&quot;}\">\n\t\t\t\t\t<div class=\"e-con-inner\">\n\t\t<div class=\"elementor-element elementor-element-1dbb2a8 e-grid e-con-full e-con e-child\" data-id=\"1dbb2a8\" data-element_type=\"container\">\n\t\t\t\t<div class=\"elementor-element elementor-element-461105b elementor-mobile-align-justify elementor-widget-mobile__width-inherit elementor-widget elementor-widget-button\" data-id=\"461105b\" data-element_type=\"widget\" data-widget_type=\"button.default\">\n\t\t\t\t<div class=\"elementor-widget-container\">\n\t\t\t\t\t\t\t\t\t<div class=\"elementor-button-wrapper\">\n\t\t\t\t\t<a class=\"elementor-button elementor-button-link elementor-size-sm\" href=\"https:\/\/hyvongsong.com\/en\/connect\/\">\n\t\t\t\t\t\t<span class=\"elementor-button-content-wrapper\">\n\t\t\t\t\t\t\t\t\t<span class=\"elementor-button-text\">Contact<\/span>\n\t\t\t\t\t<\/span>\n\t\t\t\t\t<\/a>\n\t\t\t\t<\/div>\n\t\t\t\t\t\t\t\t<\/div>\n\t\t\t\t<\/div>\n\t\t\t\t<div class=\"elementor-element elementor-element-b52c9dd elementor-mobile-align-justify elementor-widget-mobile__width-inherit elementor-widget elementor-widget-button\" data-id=\"b52c9dd\" data-element_type=\"widget\" data-widget_type=\"button.default\">\n\t\t\t\t<div class=\"elementor-widget-container\">\n\t\t\t\t\t\t\t\t\t<div class=\"elementor-button-wrapper\">\n\t\t\t\t\t<a class=\"elementor-button elementor-button-link elementor-size-sm\" href=\"https:\/\/hyvongsong.com\/en\/career-opportunities\/\">\n\t\t\t\t\t\t<span class=\"elementor-button-content-wrapper\">\n\t\t\t\t\t\t\t\t\t<span class=\"elementor-button-text\">Job<\/span>\n\t\t\t\t\t<\/span>\n\t\t\t\t\t<\/a>\n\t\t\t\t<\/div>\n\t\t\t\t\t\t\t\t<\/div>\n\t\t\t\t<\/div>\n\t\t\t\t<\/div>\n\t\t\t\t\t<\/div>\n\t\t\t\t<\/div>\n\t\t<div class=\"elementor-element elementor-element-7b3dfc00 elementor-hidden-mobile e-flex e-con-boxed e-con e-parent\" data-id=\"7b3dfc00\" data-element_type=\"container\" data-settings=\"{&quot;background_background&quot;:&quot;classic&quot;}\">\n\t\t\t\t\t<div class=\"e-con-inner\">\n\t\t<div class=\"elementor-element elementor-element-41f32613 e-con-full e-flex e-con e-child\" data-id=\"41f32613\" data-element_type=\"container\">\n\t\t\t\t<\/div>\n\t\t<div class=\"elementor-element elementor-element-1d6b7d4e e-con-full e-flex e-con e-child\" data-id=\"1d6b7d4e\" data-element_type=\"container\">\n\t\t<div class=\"elementor-element elementor-element-7f182c24 e-con-full e-flex e-con e-child\" data-id=\"7f182c24\" data-element_type=\"container\" data-settings=\"{&quot;background_background&quot;:&quot;classic&quot;}\">\n\t\t\t\t<div class=\"elementor-element elementor-element-5bb272e5 elementor-widget elementor-widget-heading\" data-id=\"5bb272e5\" data-element_type=\"widget\" data-widget_type=\"heading.default\">\n\t\t\t\t<div class=\"elementor-widget-container\">\n\t\t\t\t\t<h2 class=\"elementor-heading-title elementor-size-default\"><a href=\"https:\/\/hyvongsong.com\/en\/connect\/\">Contact<\/a><\/h2>\t\t\t\t<\/div>\n\t\t\t\t<\/div>\n\t\t\t\t<\/div>\n\t\t\t\t<\/div>\n\t\t<div class=\"elementor-element elementor-element-407969cf e-con-full e-flex e-con e-child\" data-id=\"407969cf\" data-element_type=\"container\">\n\t\t<div class=\"elementor-element elementor-element-5ef8f922 e-con-full e-flex e-con e-child\" data-id=\"5ef8f922\" data-element_type=\"container\" data-settings=\"{&quot;background_background&quot;:&quot;classic&quot;}\">\n\t\t\t\t<div class=\"elementor-element elementor-element-283e9a2b elementor-widget elementor-widget-heading\" data-id=\"283e9a2b\" data-element_type=\"widget\" data-widget_type=\"heading.default\">\n\t\t\t\t<div class=\"elementor-widget-container\">\n\t\t\t\t\t<h2 class=\"elementor-heading-title elementor-size-default\"><a href=\"https:\/\/hyvongsong.com\/en\/career-opportunities\/\">Career<\/a><\/h2>\t\t\t\t<\/div>\n\t\t\t\t<\/div>\n\t\t\t\t<\/div>\n\t\t\t\t<\/div>\n\t\t<div class=\"elementor-element elementor-element-18bed960 e-con-full e-flex e-con e-child\" data-id=\"18bed960\" data-element_type=\"container\">\n\t\t\t\t<\/div>\n\t\t\t\t\t<\/div>\n\t\t\t\t<\/div>\n\t\t\t\t<\/div>","protected":false},"excerpt":{"rendered":"<p>C\u01a1 h\u1ed9i th\u1ef1c t\u1eadp \u1edf HOPE M\u1ed9t k\u1ef3 th\u1ef1c t\u1eadp c\u00f3 \u00fd ngh\u0129a v\u00e0 gi\u00e1 tr\u1ecb HOPE l\u00e0 \u0111\u01b0\u1eddng d\u00e2y n\u00f3ng ph\u00f2ng ng\u1eeba t\u1ef1 s\u00e1t&hellip;<\/p>","protected":false},"author":4,"featured_media":0,"parent":0,"menu_order":0,"comment_status":"closed","ping_status":"closed","template":"elementor_header_footer","meta":{"_acf_changed":false,"footnotes":""},"class_list":["post-11842","page","type-page","status-publish","hentry"],"acf":[],"_links":{"self":[{"href":"https:\/\/hyvongsong.com\/en\/wp-json\/wp\/v2\/pages\/11842","targetHints":{"allow":["GET"]}}],"collection":[{"href":"https:\/\/hyvongsong.com\/en\/wp-json\/wp\/v2\/pages"}],"about":[{"href":"https:\/\/hyvongsong.com\/en\/wp-json\/wp\/v2\/types\/page"}],"author":[{"embeddable":true,"href":"https:\/\/hyvongsong.com\/en\/wp-json\/wp\/v2\/users\/4"}],"replies":[{"embeddable":true,"href":"https:\/\/hyvongsong.com\/en\/wp-json\/wp\/v2\/comments?post=11842"}],"version-history":[{"count":91,"href":"https:\/\/hyvongsong.com\/en\/wp-json\/wp\/v2\/pages\/11842\/revisions"}],"predecessor-version":[{"id":11975,"href":"https:\/\/hyvongsong.com\/en\/wp-json\/wp\/v2\/pages\/11842\/revisions\/11975"}],"wp:attachment":[{"href":"https:\/\/hyvongsong.com\/en\/wp-json\/wp\/v2\/media?parent=11842"}],"curies":[{"name":"wp","href":"https:\/\/api.w.org\/{rel}","templated":true}]}}